{"id":13186,"date":"2021-09-29T10:05:10","date_gmt":"2021-09-29T10:05:10","guid":{"rendered":"https:\/\/idiligo.com\/?page_id=13186"},"modified":"2021-11-14T16:20:06","modified_gmt":"2021-11-14T16:20:06","slug":"microsites","status":"publish","type":"page","link":"https:\/\/idiligo.com\/de\/microsites\/","title":{"rendered":"Microsites"},"content":{"rendered":"<h1>Microsites<\/h1>\n<p><span class=\"subtitle mb-6 md:pr-lg\">Digital Customer Experience on the highest level<\/span><\/p>\n<p><span>Microsites von Idiligo vereinfachen und strukturieren die digitale Kommunikation mit Kunden erheblich. Mit nur einem Klick haben ihre Gespr\u00e4chspartner automatisch alle wichtigen Gespr\u00e4chsinhalte und erforderlichen Dokumente zur Verf\u00fcgung. Zum Beispiel:<br \/>\n<span><\/p>\n<ul>\n<li>Kontaktdaten<\/li>\n<li>Gemeinsam online ausgef\u00fcllte Dokumente<\/li>\n<li>Produktinfos und Werbeangebote<\/li>\n<li>Hochgeladene Dokumente<\/li>\n<li>Online vereinbarte Vertr\u00e4ge (f\u00fcr die synchrone oder asynchrone Unterschrift)<\/li>\n<\/ul>\n<p><\/span><\/p>\n<p>Entwickeln sie technisch optimierte oder wunderbar gestaltete Microsites f\u00fcr einzelne Kunden. Oder sofort f\u00fcr eine ganze Branche. Seien sie auf jeden Fall einer der Ersten im Markt!<\/p>\n<p>Hierf\u00fcr stellen wir interessierten Unternehmen exklusiv den kostenfreien* &#8222;Pre-Launch-Account\u201c zur Verf\u00fcgung.<br \/>\n<\/span><\/p>\n<div class=\"mt-6\"><a class=\"btn-green md:mr-4\" href=\"https:\/\/idiligo.com\/de\/contact-us\/\" target=\"_blank\" rel=\"noopener noreferrer\">Kontakt<\/a><a class=\"btn-outline mt-4 md:mt-0\" href=\"https:\/\/app.idiligo.com\/signup.aspx?owner=2526\" target=\"_blank\" rel=\"noopener noreferrer\">Pre-Launch-Account bestellen<\/a><\/div>\n<\/p>\n<p><span style=\"font-size: 12px;\">*Den exklusiven Idiligo &#8222;Pre-Launch-Account&#8220; erhalten sie gratis. Die Laufzeit endet am 28.02.2022. Es gelten die Idiligo Gesch\u00e4ftsbedingungen. Nur mit ihrer schriftlichen Zustimmung wird der &#8222;Pre-Launch-Account&#8220; kostenfrei f\u00fcr sie verl\u00e4ngert.<\/span><\/p>\n","protected":false},"excerpt":{"rendered":"<p>Microsites Digital Customer Experience on the highest level Microsites von Idiligo vereinfachen und strukturieren die digitale Kommunikation mit Kunden erheblich&#8230;.<\/p>\n","protected":false},"author":4,"featured_media":13196,"parent":0,"menu_order":0,"comment_status":"closed","ping_status":"closed","template":"page-flex.php","meta":{"_acf_changed":false,"inline_featured_image":false,"footnotes":""},"yst_prominent_words":[194,221,4208,627,385,223,724,213,1174,195,219,5514],"class_list":["post-13186","page","type-page","status-publish","has-post-thumbnail","hentry"],"acf":[],"_links":{"self":[{"href":"https:\/\/idiligo.com\/de\/wp-json\/wp\/v2\/pages\/13186","targetHints":{"allow":["GET"]}}],"collection":[{"href":"https:\/\/idiligo.com\/de\/wp-json\/wp\/v2\/pages"}],"about":[{"href":"https:\/\/idiligo.com\/de\/wp-json\/wp\/v2\/types\/page"}],"author":[{"embeddable":true,"href":"https:\/\/idiligo.com\/de\/wp-json\/wp\/v2\/users\/4"}],"replies":[{"embeddable":true,"href":"https:\/\/idiligo.com\/de\/wp-json\/wp\/v2\/comments?post=13186"}],"version-history":[{"count":0,"href":"https:\/\/idiligo.com\/de\/wp-json\/wp\/v2\/pages\/13186\/revisions"}],"wp:featuredmedia":[{"embeddable":true,"href":"https:\/\/idiligo.com\/de\/wp-json\/wp\/v2\/media\/13196"}],"wp:attachment":[{"href":"https:\/\/idiligo.com\/de\/wp-json\/wp\/v2\/media?parent=13186"}],"wp:term":[{"taxonomy":"yst_prominent_words","embeddable":true,"href":"https:\/\/idiligo.com\/de\/wp-json\/wp\/v2\/yst_prominent_words?post=13186"}],"curies":[{"name":"wp","href":"https:\/\/api.w.org\/{rel}","templated":true}]}}