{"id":1448,"date":"2018-09-29T09:34:56","date_gmt":"2018-09-29T09:34:56","guid":{"rendered":"https:\/\/www.84colors.com\/wp\/idiligo\/pricing\/"},"modified":"2022-06-27T21:06:16","modified_gmt":"2022-06-27T21:06:16","slug":"preise","status":"publish","type":"page","link":"https:\/\/idiligo.com\/de\/preise\/","title":{"rendered":"Preise"},"content":{"rendered":"<h1>Einfache, transparente Preisgestaltung<\/h1>\n<p><span class=\"subtitle mt-6\">Bringen Sie Ihre Kunden Meetings auf das n\u00e4chste Level. W\u00e4hlen Sie die richtige Lizenz f\u00fcr Ihr Unternehmen, ein Upgrade und Downgrade ist jederzeit m\u00f6glich.<br \/>\n<\/span><\/p>\n<p><a class=\"btn-green text-lg py-4 px-sm\" href=\"https:\/\/app.idiligo.com\/Anmelden.aspx?owner=1709\" target=\"_blank\" rel=\"noopener noreferrer\">Idiligo FREE gratis testen<\/a><\/p>\n","protected":false},"excerpt":{"rendered":"<p>Einfache, transparente Preisgestaltung Bringen Sie Ihre Kunden Meetings auf das n\u00e4chste Level. W\u00e4hlen Sie die richtige Lizenz f\u00fcr Ihr Unternehmen,&#8230;<\/p>\n","protected":false},"author":4,"featured_media":0,"parent":0,"menu_order":0,"comment_status":"closed","ping_status":"closed","template":"page-pricing.php","meta":{"_acf_changed":false,"inline_featured_image":false,"footnotes":""},"yst_prominent_words":[195],"class_list":["post-1448","page","type-page","status-publish","hentry"],"acf":[],"_links":{"self":[{"href":"https:\/\/idiligo.com\/de\/wp-json\/wp\/v2\/pages\/1448","targetHints":{"allow":["GET"]}}],"collection":[{"href":"https:\/\/idiligo.com\/de\/wp-json\/wp\/v2\/pages"}],"about":[{"href":"https:\/\/idiligo.com\/de\/wp-json\/wp\/v2\/types\/page"}],"author":[{"embeddable":true,"href":"https:\/\/idiligo.com\/de\/wp-json\/wp\/v2\/users\/4"}],"replies":[{"embeddable":true,"href":"https:\/\/idiligo.com\/de\/wp-json\/wp\/v2\/comments?post=1448"}],"version-history":[{"count":0,"href":"https:\/\/idiligo.com\/de\/wp-json\/wp\/v2\/pages\/1448\/revisions"}],"wp:attachment":[{"href":"https:\/\/idiligo.com\/de\/wp-json\/wp\/v2\/media?parent=1448"}],"wp:term":[{"taxonomy":"yst_prominent_words","embeddable":true,"href":"https:\/\/idiligo.com\/de\/wp-json\/wp\/v2\/yst_prominent_words?post=1448"}],"curies":[{"name":"wp","href":"https:\/\/api.w.org\/{rel}","templated":true}]}}