{"id":1467,"date":"2018-09-29T09:37:14","date_gmt":"2018-09-29T09:37:14","guid":{"rendered":"https:\/\/www.84colors.com\/wp\/idiligo\/about-us\/"},"modified":"2022-03-28T12:04:18","modified_gmt":"2022-03-28T12:04:18","slug":"ueber-uns","status":"publish","type":"page","link":"https:\/\/idiligo.com\/de\/ueber-uns\/","title":{"rendered":"\u00dcber Idiligo"},"content":{"rendered":"<p>In den vielen Jahren in der Vertriebs- und Beratungsbranche haben wir gro\u00dfartige und talentierte Vertriebler und Berater getroffen. Wir mussten jedoch feststellen, dass einige von ihnen Schwierigkeiten hatten, sich zu organisieren oder ihr perfektes Kunden Meeting zu planen.<\/p>\n<p>Was uns zus\u00e4tzlich auffiel: Viele Berater wussten aufgrund zu geringer Einarbeitungszeiten oder mangelnden Interesses teilweise nicht genau, wie sie ihr Produkt richtig und erfolgreich erkl\u00e4ren oder verkaufen sollten.<\/p>\n<p>Also entwickelten wir Idiligo und l\u00f6sten gleich beide Probleme: Idiligo stellt sicher, dass ALLE Vertriebler und Berater erfolgreich sein k\u00f6nnen! Wir f\u00fcgen smarte Inhalte und Prozesse zu den Kunden Meetings hinzu \u2013 egal ob das Meeting online oder offline stattfindet. Berater und Kunde werden Schritt f\u00fcr Schritt durch das ergebnisorientierte Meeting gef\u00fchrt, da das Unternehmen Inhalte und Prozesse bereits vorab definiert. So hat das Unternehmen die volle Kontrolle dar\u00fcber, dass immer die korrekten Inhalte und Prozesse im Kunden Meeting verwendet werden. Das macht die Meetings rechtskonform und effizient. Da die Kundenberatung mit Idiligo so leicht ist, verringert sich die Lernkurve neuer Mitarbeiter um 50%, sodass sie schneller mit der professionellen Kundenberatung starten k\u00f6nnen. Eine Integration mit dem eigenen (CRM) System erm\u00f6glicht eine zus\u00e4tzliche Effizienz der Prozesse.<\/p>\n<p>Durch das Hinzuf\u00fcgen von smarten Inhalten werden Kunden Meetings effizienter und die gesamte Kundenkommunikation gewinnt an zus\u00e4tzlicher Qualit\u00e4t.<\/p>\n","protected":false},"excerpt":{"rendered":"<p>In den vielen Jahren in der Vertriebs- und Beratungsbranche haben wir gro\u00dfartige und talentierte Vertriebler und Berater getroffen. Wir mussten&#8230;<\/p>\n","protected":false},"author":4,"featured_media":0,"parent":0,"menu_order":0,"comment_status":"closed","ping_status":"closed","template":"page-about2.php","meta":{"_acf_changed":false,"inline_featured_image":false,"footnotes":""},"yst_prominent_words":[2469,917,194,221,385,1183,213,2466,2465,2464,222,406],"class_list":["post-1467","page","type-page","status-publish","hentry"],"acf":[],"_links":{"self":[{"href":"https:\/\/idiligo.com\/de\/wp-json\/wp\/v2\/pages\/1467","targetHints":{"allow":["GET"]}}],"collection":[{"href":"https:\/\/idiligo.com\/de\/wp-json\/wp\/v2\/pages"}],"about":[{"href":"https:\/\/idiligo.com\/de\/wp-json\/wp\/v2\/types\/page"}],"author":[{"embeddable":true,"href":"https:\/\/idiligo.com\/de\/wp-json\/wp\/v2\/users\/4"}],"replies":[{"embeddable":true,"href":"https:\/\/idiligo.com\/de\/wp-json\/wp\/v2\/comments?post=1467"}],"version-history":[{"count":0,"href":"https:\/\/idiligo.com\/de\/wp-json\/wp\/v2\/pages\/1467\/revisions"}],"wp:attachment":[{"href":"https:\/\/idiligo.com\/de\/wp-json\/wp\/v2\/media?parent=1467"}],"wp:term":[{"taxonomy":"yst_prominent_words","embeddable":true,"href":"https:\/\/idiligo.com\/de\/wp-json\/wp\/v2\/yst_prominent_words?post=1467"}],"curies":[{"name":"wp","href":"https:\/\/api.w.org\/{rel}","templated":true}]}}