{"id":1877,"date":"2018-10-12T07:09:03","date_gmt":"2018-10-12T07:09:03","guid":{"rendered":"https:\/\/www.84colors.com\/wp\/idiligo\/legal-notice\/"},"modified":"2018-12-19T10:04:00","modified_gmt":"2018-12-19T10:04:00","slug":"impressum","status":"publish","type":"page","link":"https:\/\/idiligo.com\/de\/impressum\/","title":{"rendered":"Impressum"},"content":{"rendered":"<p>Impressum &#8211; f\u00fcr den Inhalt verantwortlich<\/p>\n<p>Idiligo B.V.<br \/>\nGesch\u00e4ftsf\u00fchrer: Herr Frank J. Korthouwer<br \/>\nKabelweg 57<br \/>\n1014 BA AMSTERDAM<br \/>\nNiederlande<\/p>\n<p>Postfach 9018<br \/>\n1006 AA Amsterdam<br \/>\nNiederlande<\/p>\n<p>+31 (0)23 3000 000<\/p>\n<p>Der Sitz der Gesellschaft befindet sich in Amsterdam in den Niederlanden:<br \/>\nAmtsgericht Amsterdam<\/p>\n<p>Industrie- und Handelskammer 34302927<br \/>\nMwSt. Nr. NL 8194.75.300.B01<\/p>\n","protected":false},"excerpt":{"rendered":"<p>Impressum &#8211; f\u00fcr den Inhalt verantwortlich Idiligo B.V. Gesch\u00e4ftsf\u00fchrer: Herr Frank J. Korthouwer Kabelweg 57 1014 BA AMSTERDAM Niederlande Postfach&#8230;<\/p>\n","protected":false},"author":4,"featured_media":0,"parent":0,"menu_order":0,"comment_status":"closed","ping_status":"closed","template":"","meta":{"_acf_changed":false,"inline_featured_image":false,"footnotes":""},"yst_prominent_words":[],"class_list":["post-1877","page","type-page","status-publish","hentry"],"acf":[],"_links":{"self":[{"href":"https:\/\/idiligo.com\/de\/wp-json\/wp\/v2\/pages\/1877","targetHints":{"allow":["GET"]}}],"collection":[{"href":"https:\/\/idiligo.com\/de\/wp-json\/wp\/v2\/pages"}],"about":[{"href":"https:\/\/idiligo.com\/de\/wp-json\/wp\/v2\/types\/page"}],"author":[{"embeddable":true,"href":"https:\/\/idiligo.com\/de\/wp-json\/wp\/v2\/users\/4"}],"replies":[{"embeddable":true,"href":"https:\/\/idiligo.com\/de\/wp-json\/wp\/v2\/comments?post=1877"}],"version-history":[{"count":0,"href":"https:\/\/idiligo.com\/de\/wp-json\/wp\/v2\/pages\/1877\/revisions"}],"wp:attachment":[{"href":"https:\/\/idiligo.com\/de\/wp-json\/wp\/v2\/media?parent=1877"}],"wp:term":[{"taxonomy":"yst_prominent_words","embeddable":true,"href":"https:\/\/idiligo.com\/de\/wp-json\/wp\/v2\/yst_prominent_words?post=1877"}],"curies":[{"name":"wp","href":"https:\/\/api.w.org\/{rel}","templated":true}]}}