{"id":1900,"date":"2018-09-29T09:32:19","date_gmt":"2018-09-29T09:32:19","guid":{"rendered":"https:\/\/www.84colors.com\/wp\/idiligo\/how-it-works\/"},"modified":"2022-02-20T20:15:49","modified_gmt":"2022-02-20T20:15:49","slug":"wie-funktioniert-idiligo","status":"publish","type":"page","link":"https:\/\/idiligo.com\/de\/wie-funktioniert-idiligo\/","title":{"rendered":"Wie funktioniert Idiligo"},"content":{"rendered":"<h1>Wie funktioniert Idiligo<\/h1>\n<p><span class=\"subtitle mt-6\">Idiligo f\u00fcgt jedem Kunden Meeting intelligente Inhalte und Prozesse hinzu. So halten Berater ergebnisorientierte und kalkulierbare Kunden Meetings, da Idiligo sie Schritt f\u00fcr Schritt automatisch durch ein strukturiertes Meeting f\u00fchrt. Dies kann sowohl in Online- als auch in Offline-Meetings verwendet werden. W\u00e4hrend des Meetings sehen beide Parteien den gleichen Inhalt auf Ihrem Bildschirm und k\u00f6nnen interagieren. Da der perfekte Verkaufs- oder Beratungsprozess bereits vorab festgelegt wurde, kann Nichts vergessen oder falsch erkl\u00e4rt werden. So verhandeln selbst Anf\u00e4nger wie erfahrene Profis. Dieser vordefinierte Prozess wird als <strong>Skript<\/strong> bezeichnet.<br \/>\n<\/span><\/p>\n<p><a class=\"btn-green text-lg py-4 px-sm\" href=\"https:\/\/app.idiligo.com\/Anmelden.aspx?owner=1709\" target=\"_blank\" rel=\"noopener noreferrer\">Idiligo FREE gratis testen<\/a><\/p>\n","protected":false},"excerpt":{"rendered":"<p>Wie funktioniert Idiligo Idiligo f\u00fcgt jedem Kunden Meeting intelligente Inhalte und Prozesse hinzu. So halten Berater ergebnisorientierte und kalkulierbare Kunden&#8230;<\/p>\n","protected":false},"author":4,"featured_media":0,"parent":0,"menu_order":0,"comment_status":"closed","ping_status":"closed","template":"page-how.php","meta":{"_acf_changed":false,"inline_featured_image":false,"footnotes":""},"yst_prominent_words":[5804,964,385,213,7129,219,1701,663],"class_list":["post-1900","page","type-page","status-publish","hentry"],"acf":[],"_links":{"self":[{"href":"https:\/\/idiligo.com\/de\/wp-json\/wp\/v2\/pages\/1900","targetHints":{"allow":["GET"]}}],"collection":[{"href":"https:\/\/idiligo.com\/de\/wp-json\/wp\/v2\/pages"}],"about":[{"href":"https:\/\/idiligo.com\/de\/wp-json\/wp\/v2\/types\/page"}],"author":[{"embeddable":true,"href":"https:\/\/idiligo.com\/de\/wp-json\/wp\/v2\/users\/4"}],"replies":[{"embeddable":true,"href":"https:\/\/idiligo.com\/de\/wp-json\/wp\/v2\/comments?post=1900"}],"version-history":[{"count":0,"href":"https:\/\/idiligo.com\/de\/wp-json\/wp\/v2\/pages\/1900\/revisions"}],"wp:attachment":[{"href":"https:\/\/idiligo.com\/de\/wp-json\/wp\/v2\/media?parent=1900"}],"wp:term":[{"taxonomy":"yst_prominent_words","embeddable":true,"href":"https:\/\/idiligo.com\/de\/wp-json\/wp\/v2\/yst_prominent_words?post=1900"}],"curies":[{"name":"wp","href":"https:\/\/api.w.org\/{rel}","templated":true}]}}