{"id":1960,"date":"2018-09-29T09:32:42","date_gmt":"2018-09-29T09:32:42","guid":{"rendered":"https:\/\/www.84colors.com\/wp\/idiligo\/features\/"},"modified":"2021-05-25T14:18:18","modified_gmt":"2021-05-25T14:18:18","slug":"features","status":"publish","type":"page","link":"https:\/\/idiligo.com\/de\/features\/","title":{"rendered":"Features"},"content":{"rendered":"<h1>Alle wichtigen Funktionen an einem Ort<\/h1>\n<p><span class=\"subtitle mt-6\">Wir entwickeln st\u00e4ndig neue Features, die Ihre Kunden Meetings noch erfolgreicher machen &#8211; von der Pr\u00e4sentation und Unterzeichnung von Dokumenten, \u00fcber die automatische Formularerstellung bis hin zur Freigabe von Bildschirmen. W\u00e4hlen Sie einfach die Features aus, die Sie ben\u00f6tigen, bringen Sie sie in eine strukturierte Reihenfolge und Ihr pers\u00f6nliches Skript ist fertig. Optimieren Sie Ihre Gesch\u00e4ftsprozesse und erh\u00f6hen Abschlussquoten, indem Sie zuverl\u00e4ssige und erfolgreiche Kunden Meetings f\u00fchren.<\/span><\/p>\n<p><span class=\"subtitle mt-6\"><a class=\"btn-green text-lg py-4 px-sm\" href=\"https:\/\/app.idiligo.com\/Anmelden.aspx?owner=1709\" target=\"_blank\" rel=\"noopener noreferrer\">Idiligo FREE gratis testen<\/a>\u00a0<\/span><\/p>\n","protected":false},"excerpt":{"rendered":"<p>Alle wichtigen Funktionen an einem Ort Wir entwickeln st\u00e4ndig neue Features, die Ihre Kunden Meetings noch erfolgreicher machen &#8211; von&#8230;<\/p>\n","protected":false},"author":4,"featured_media":0,"parent":0,"menu_order":0,"comment_status":"closed","ping_status":"closed","template":"page-features.php","meta":{"_acf_changed":false,"inline_featured_image":false,"footnotes":""},"yst_prominent_words":[221,1186,386,385,1185,195,219,407],"class_list":["post-1960","page","type-page","status-publish","hentry"],"acf":[],"_links":{"self":[{"href":"https:\/\/idiligo.com\/de\/wp-json\/wp\/v2\/pages\/1960","targetHints":{"allow":["GET"]}}],"collection":[{"href":"https:\/\/idiligo.com\/de\/wp-json\/wp\/v2\/pages"}],"about":[{"href":"https:\/\/idiligo.com\/de\/wp-json\/wp\/v2\/types\/page"}],"author":[{"embeddable":true,"href":"https:\/\/idiligo.com\/de\/wp-json\/wp\/v2\/users\/4"}],"replies":[{"embeddable":true,"href":"https:\/\/idiligo.com\/de\/wp-json\/wp\/v2\/comments?post=1960"}],"version-history":[{"count":0,"href":"https:\/\/idiligo.com\/de\/wp-json\/wp\/v2\/pages\/1960\/revisions"}],"wp:attachment":[{"href":"https:\/\/idiligo.com\/de\/wp-json\/wp\/v2\/media?parent=1960"}],"wp:term":[{"taxonomy":"yst_prominent_words","embeddable":true,"href":"https:\/\/idiligo.com\/de\/wp-json\/wp\/v2\/yst_prominent_words?post=1960"}],"curies":[{"name":"wp","href":"https:\/\/api.w.org\/{rel}","templated":true}]}}