{"id":7327,"date":"2019-10-08T09:18:42","date_gmt":"2019-10-08T09:18:42","guid":{"rendered":"https:\/\/idiligo.wpengine.com\/consulting-implementation-services\/"},"modified":"2021-07-12T07:37:13","modified_gmt":"2021-07-12T07:37:13","slug":"beratung-und-implementierung","status":"publish","type":"page","link":"https:\/\/idiligo.com\/de\/beratung-und-implementierung\/","title":{"rendered":"Beratung &#038; Implementierung"},"content":{"rendered":"<h1 class=\"mb-6\">Beratung &amp; Implementierung<\/h1>\n<p><span class=\"subtitle mb-6 md:pr-lg\">Starten Sie mit Verkaufs- und Beratungsgespr\u00e4chen von Idiligo durch! Unsere erfahrenen Idiligo-Partner unterst\u00fctzen Sie gerne mit Wissen \u00fcber Best Practices, und helfen Ihnen bei der Implementierung. So starten Sie unkompliziert und schnell.<\/span><\/p>\n","protected":false},"excerpt":{"rendered":"<p>Beratung &amp; Implementierung Starten Sie mit Verkaufs- und Beratungsgespr\u00e4chen von Idiligo durch! Unsere erfahrenen Idiligo-Partner unterst\u00fctzen Sie gerne mit Wissen&#8230;<\/p>\n","protected":false},"author":4,"featured_media":7295,"parent":0,"menu_order":0,"comment_status":"closed","ping_status":"closed","template":"page-flex.php","meta":{"_acf_changed":false,"inline_featured_image":false,"footnotes":""},"yst_prominent_words":[4774,223,195,4775,4771,219],"class_list":["post-7327","page","type-page","status-publish","has-post-thumbnail","hentry"],"acf":[],"_links":{"self":[{"href":"https:\/\/idiligo.com\/de\/wp-json\/wp\/v2\/pages\/7327","targetHints":{"allow":["GET"]}}],"collection":[{"href":"https:\/\/idiligo.com\/de\/wp-json\/wp\/v2\/pages"}],"about":[{"href":"https:\/\/idiligo.com\/de\/wp-json\/wp\/v2\/types\/page"}],"author":[{"embeddable":true,"href":"https:\/\/idiligo.com\/de\/wp-json\/wp\/v2\/users\/4"}],"replies":[{"embeddable":true,"href":"https:\/\/idiligo.com\/de\/wp-json\/wp\/v2\/comments?post=7327"}],"version-history":[{"count":0,"href":"https:\/\/idiligo.com\/de\/wp-json\/wp\/v2\/pages\/7327\/revisions"}],"wp:featuredmedia":[{"embeddable":true,"href":"https:\/\/idiligo.com\/de\/wp-json\/wp\/v2\/media\/7295"}],"wp:attachment":[{"href":"https:\/\/idiligo.com\/de\/wp-json\/wp\/v2\/media?parent=7327"}],"wp:term":[{"taxonomy":"yst_prominent_words","embeddable":true,"href":"https:\/\/idiligo.com\/de\/wp-json\/wp\/v2\/yst_prominent_words?post=7327"}],"curies":[{"name":"wp","href":"https:\/\/api.w.org\/{rel}","templated":true}]}}