{"id":9173,"date":"2020-07-01T12:11:48","date_gmt":"2020-07-01T12:11:48","guid":{"rendered":"https:\/\/idiligo.wpengine.com\/?page_id=9173"},"modified":"2021-05-26T08:19:46","modified_gmt":"2021-05-26T08:19:46","slug":"sales-call-center","status":"publish","type":"page","link":"https:\/\/idiligo.com\/de\/branchen\/sales-call-center\/","title":{"rendered":"Sales &#038; Call Center"},"content":{"rendered":"<h1>Die Sales Enablement L\u00f6sung f\u00fcr Vertriebler, Hersteller &amp; Reseller<\/h1>\n<p><span class=\"subtitle mb-6 md:pr-lg\">Erzielen Sie bessere &amp; kalkulierbare Ergebnisse, indem Sie Kunden Meetings intelligente Inhalte hinzuf\u00fcgen. Von der Neukundenakquise bis hin zu Kundenbindungsma\u00dfnahmen &#8211; Idiligo integriert komplette Vertriebs- und Beratungsprozesse. Dies erh\u00f6ht Abschlussquoten und verk\u00fcrzt Lernkurven.<\/span><\/p>\n<div class=\"mt-6\"><a class=\"btn-green md:mr-4\" href=\"https:\/\/idiligo.com\/de\/contact-us\/\" target=\"_blank\" rel=\"noopener noreferrer\">Kontakt, um mehr zu erfahren<\/a><a class=\"btn-outline mt-4 md:mt-0\" href=\"https:\/\/idiligo.com\/de\/preise\/\" target=\"_blank\" rel=\"noopener noreferrer\">Preise ansehen<\/a><\/div>\n","protected":false},"excerpt":{"rendered":"<p>Die Sales Enablement L\u00f6sung f\u00fcr Vertriebler, Hersteller &amp; Reseller Erzielen Sie bessere &amp; kalkulierbare Ergebnisse, indem Sie Kunden Meetings intelligente&#8230;<\/p>\n","protected":false},"author":4,"featured_media":4876,"parent":5675,"menu_order":0,"comment_status":"closed","ping_status":"closed","template":"page-flex.php","meta":{"_acf_changed":false,"inline_featured_image":false,"footnotes":""},"yst_prominent_words":[195,219,406],"class_list":["post-9173","page","type-page","status-publish","has-post-thumbnail","hentry"],"acf":[],"_links":{"self":[{"href":"https:\/\/idiligo.com\/de\/wp-json\/wp\/v2\/pages\/9173","targetHints":{"allow":["GET"]}}],"collection":[{"href":"https:\/\/idiligo.com\/de\/wp-json\/wp\/v2\/pages"}],"about":[{"href":"https:\/\/idiligo.com\/de\/wp-json\/wp\/v2\/types\/page"}],"author":[{"embeddable":true,"href":"https:\/\/idiligo.com\/de\/wp-json\/wp\/v2\/users\/4"}],"replies":[{"embeddable":true,"href":"https:\/\/idiligo.com\/de\/wp-json\/wp\/v2\/comments?post=9173"}],"version-history":[{"count":0,"href":"https:\/\/idiligo.com\/de\/wp-json\/wp\/v2\/pages\/9173\/revisions"}],"up":[{"embeddable":true,"href":"https:\/\/idiligo.com\/de\/wp-json\/wp\/v2\/pages\/5675"}],"wp:featuredmedia":[{"embeddable":true,"href":"https:\/\/idiligo.com\/de\/wp-json\/wp\/v2\/media\/4876"}],"wp:attachment":[{"href":"https:\/\/idiligo.com\/de\/wp-json\/wp\/v2\/media?parent=9173"}],"wp:term":[{"taxonomy":"yst_prominent_words","embeddable":true,"href":"https:\/\/idiligo.com\/de\/wp-json\/wp\/v2\/yst_prominent_words?post=9173"}],"curies":[{"name":"wp","href":"https:\/\/api.w.org\/{rel}","templated":true}]}}