{"id":993,"date":"2018-09-29T09:32:54","date_gmt":"2018-09-29T09:32:54","guid":{"rendered":"https:\/\/www.84colors.com\/wp\/idiligo\/about-idiligo-scripts\/"},"modified":"2021-05-25T14:21:18","modified_gmt":"2021-05-25T14:21:18","slug":"ueber-skripte","status":"publish","type":"page","link":"https:\/\/idiligo.com\/de\/ueber-skripte\/","title":{"rendered":"\u00dcber Idiligo Skripte"},"content":{"rendered":"<h1>\u00dcber Idiligo Skripte<\/h1>\n<p><span class=\"subtitle\">Idiligo strukturiert Ihre Kunden Meetings und erzielt kalkulierbare Gespr\u00e4chsergebnisse. Skripte f\u00fchren den Berater automatisch Schritt f\u00fcr Schritt durch einen vordefinierten Meeting Prozess. So verl\u00e4uft das Gespr\u00e4ch ergebnisorientiert und Nichts kann vergessen werden. Egal, ob Verkaufsgespr\u00e4ch oder Beratung \u2013 mit Idiligo halten Sie immer perfekt strukturierte und erfolgreiche Kunden Meetings.<br \/>\n<\/span><\/p>\n<p><span class=\"subtitle\">\u00a0<\/span><\/p>\n","protected":false},"excerpt":{"rendered":"<p>\u00dcber Idiligo Skripte Idiligo strukturiert Ihre Kunden Meetings und erzielt kalkulierbare Gespr\u00e4chsergebnisse. Skripte f\u00fchren den Berater automatisch Schritt f\u00fcr Schritt&#8230;<\/p>\n","protected":false},"author":4,"featured_media":0,"parent":0,"menu_order":0,"comment_status":"closed","ping_status":"closed","template":"page-about-scripts.php","meta":{"_acf_changed":false,"inline_featured_image":false,"footnotes":""},"yst_prominent_words":[157,385,164,7129,227,219],"class_list":["post-993","page","type-page","status-publish","hentry"],"acf":[],"_links":{"self":[{"href":"https:\/\/idiligo.com\/de\/wp-json\/wp\/v2\/pages\/993","targetHints":{"allow":["GET"]}}],"collection":[{"href":"https:\/\/idiligo.com\/de\/wp-json\/wp\/v2\/pages"}],"about":[{"href":"https:\/\/idiligo.com\/de\/wp-json\/wp\/v2\/types\/page"}],"author":[{"embeddable":true,"href":"https:\/\/idiligo.com\/de\/wp-json\/wp\/v2\/users\/4"}],"replies":[{"embeddable":true,"href":"https:\/\/idiligo.com\/de\/wp-json\/wp\/v2\/comments?post=993"}],"version-history":[{"count":0,"href":"https:\/\/idiligo.com\/de\/wp-json\/wp\/v2\/pages\/993\/revisions"}],"wp:attachment":[{"href":"https:\/\/idiligo.com\/de\/wp-json\/wp\/v2\/media?parent=993"}],"wp:term":[{"taxonomy":"yst_prominent_words","embeddable":true,"href":"https:\/\/idiligo.com\/de\/wp-json\/wp\/v2\/yst_prominent_words?post=993"}],"curies":[{"name":"wp","href":"https:\/\/api.w.org\/{rel}","templated":true}]}}