{"id":5448,"date":"2018-09-29T09:37:14","date_gmt":"2018-09-29T09:37:14","guid":{"rendered":"https:\/\/idiligo.wpengine.com\/about-us\/"},"modified":"2022-03-28T12:06:33","modified_gmt":"2022-03-28T12:06:33","slug":"sobre-nosotros","status":"publish","type":"page","link":"https:\/\/idiligo.com\/es\/sobre-nosotros\/","title":{"rendered":"Sobre nosotros"},"content":{"rendered":"<p>A lo largo de muchos a\u00f1os de actividad en el sector de ventas y asesoramiento, hemos conocido a muchos representantes de ventas y asesores muy buenos y de talento. Sin embargo, tambi\u00e9n advertimos que muchos de ellos ten\u00edan problemas para organizarse o encontrar el argumento de ventas perfecto.<\/p>\n<p>La otra cosa de la que nos dimos cuenta es que, debido a las elevadas tasas de rotaci\u00f3n, los escasos per\u00edodos de formaci\u00f3n del personal o simplemente la falta de inter\u00e9s, muchos representantes de ventas y asesores ni siquiera sab\u00edan realmente c\u00f3mo explicar o vender sus productos de forma correcta y exitosa.<\/p>\n<p>Entonces, se nos ocurri\u00f3 Idiligo y resolvimos ambos: \u00a1Idiligo se asegura de que TODOS los representantes de ventas y asesores puedan tener \u00e9xito! Agrega contenido y procesos inteligentes a cualquier reuni\u00f3n con el cliente, sin importar si se realiza en l\u00ednea o fuera de l\u00ednea. Las ventas y los asesores son guiados a trav\u00e9s de una reuni\u00f3n con el cliente orientada a resultados, paso a paso, ya que la organizaci\u00f3n puede predefinir todo esto de antemano. As\u00ed, siempre se utiliza el contenido y el proceso correctos, lo que le da a la organizaci\u00f3n un control del 100% sobre lo que sucede en las reuniones con los clientes. Adem\u00e1s, la organizaci\u00f3n puede estar segura de que todos los consejos cumplen y son correctos. Dado que Idiligo es tan f\u00e1cil de usar, la curva de aprendizaje de los nuevos empleados se reduce en un 50%, lo que significa que pueden asesorar y vender profesionalmente mucho m\u00e1s r\u00e1pido. Para ser a\u00fan m\u00e1s eficiente, Idiligo puede incluso integrarse en otras soluciones como su sistema CRM.<\/p>\n<p>Agregar contenido inteligente a las reuniones con los clientes agiliza y mejora f\u00e1cilmente la calidad de la comunicaci\u00f3n general con el cliente.<\/p>\n","protected":false},"excerpt":{"rendered":"<p>A lo largo de muchos a\u00f1os de actividad en el sector de ventas y asesoramiento, hemos conocido a muchos representantes&#8230;<\/p>\n","protected":false},"author":4,"featured_media":0,"parent":0,"menu_order":0,"comment_status":"closed","ping_status":"closed","template":"page-about2.php","meta":{"_acf_changed":false,"inline_featured_image":false,"footnotes":""},"yst_prominent_words":[2711,2707,2705,2712,2708,2706,2709,2704,2703,2715,2710],"class_list":["post-5448","page","type-page","status-publish","hentry"],"acf":[],"_links":{"self":[{"href":"https:\/\/idiligo.com\/es\/wp-json\/wp\/v2\/pages\/5448","targetHints":{"allow":["GET"]}}],"collection":[{"href":"https:\/\/idiligo.com\/es\/wp-json\/wp\/v2\/pages"}],"about":[{"href":"https:\/\/idiligo.com\/es\/wp-json\/wp\/v2\/types\/page"}],"author":[{"embeddable":true,"href":"https:\/\/idiligo.com\/es\/wp-json\/wp\/v2\/users\/4"}],"replies":[{"embeddable":true,"href":"https:\/\/idiligo.com\/es\/wp-json\/wp\/v2\/comments?post=5448"}],"version-history":[{"count":0,"href":"https:\/\/idiligo.com\/es\/wp-json\/wp\/v2\/pages\/5448\/revisions"}],"wp:attachment":[{"href":"https:\/\/idiligo.com\/es\/wp-json\/wp\/v2\/media?parent=5448"}],"wp:term":[{"taxonomy":"yst_prominent_words","embeddable":true,"href":"https:\/\/idiligo.com\/es\/wp-json\/wp\/v2\/yst_prominent_words?post=5448"}],"curies":[{"name":"wp","href":"https:\/\/api.w.org\/{rel}","templated":true}]}}