{"id":5487,"date":"2018-10-12T07:09:03","date_gmt":"2018-10-12T07:09:03","guid":{"rendered":"https:\/\/idiligo.wpengine.com\/legal-notice\/"},"modified":"2019-07-18T08:47:59","modified_gmt":"2019-07-18T08:47:59","slug":"aviso-legal","status":"publish","type":"page","link":"https:\/\/idiligo.com\/es\/aviso-legal\/","title":{"rendered":"Aviso legal"},"content":{"rendered":"<p>Idiligo B.V.<br \/>\nCEO Frank Korthouwer<br \/>\nKabelweg 57<br \/>\n1014 BA \u00c1MSTERDAM<br \/>\nPa\u00edses Bajos<\/p>\n<p>Apartado postal 9018<br \/>\n1006 AA \u00c1msterdam<br \/>\nPa\u00edses Bajos<\/p>\n<p>+31 (0)23 3000 000<\/p>\n<p>C\u00e1mara de Comercio 34302927<br \/>\nN\u00famero IVA: NL 8194.75.300.B01<\/p>\n","protected":false},"excerpt":{"rendered":"<p>Idiligo B.V. CEO Frank Korthouwer Kabelweg 57 1014 BA \u00c1MSTERDAM Pa\u00edses Bajos Apartado postal 9018 1006 AA \u00c1msterdam Pa\u00edses Bajos&#8230;<\/p>\n","protected":false},"author":4,"featured_media":0,"parent":0,"menu_order":0,"comment_status":"closed","ping_status":"closed","template":"","meta":{"_acf_changed":false,"inline_featured_image":false,"footnotes":""},"yst_prominent_words":[1569,2810,2809,2808],"class_list":["post-5487","page","type-page","status-publish","hentry"],"acf":[],"_links":{"self":[{"href":"https:\/\/idiligo.com\/es\/wp-json\/wp\/v2\/pages\/5487","targetHints":{"allow":["GET"]}}],"collection":[{"href":"https:\/\/idiligo.com\/es\/wp-json\/wp\/v2\/pages"}],"about":[{"href":"https:\/\/idiligo.com\/es\/wp-json\/wp\/v2\/types\/page"}],"author":[{"embeddable":true,"href":"https:\/\/idiligo.com\/es\/wp-json\/wp\/v2\/users\/4"}],"replies":[{"embeddable":true,"href":"https:\/\/idiligo.com\/es\/wp-json\/wp\/v2\/comments?post=5487"}],"version-history":[{"count":0,"href":"https:\/\/idiligo.com\/es\/wp-json\/wp\/v2\/pages\/5487\/revisions"}],"wp:attachment":[{"href":"https:\/\/idiligo.com\/es\/wp-json\/wp\/v2\/media?parent=5487"}],"wp:term":[{"taxonomy":"yst_prominent_words","embeddable":true,"href":"https:\/\/idiligo.com\/es\/wp-json\/wp\/v2\/yst_prominent_words?post=5487"}],"curies":[{"name":"wp","href":"https:\/\/api.w.org\/{rel}","templated":true}]}}