{"id":5543,"date":"2018-09-29T09:32:54","date_gmt":"2018-09-29T09:32:54","guid":{"rendered":"https:\/\/idiligo.wpengine.com\/about-idiligo-scripts\/"},"modified":"2021-05-27T12:43:01","modified_gmt":"2021-05-27T12:43:01","slug":"scripts-de-idiligo","status":"publish","type":"page","link":"https:\/\/idiligo.com\/es\/producto\/scripts-de-idiligo\/","title":{"rendered":"Informaci\u00f3n sobre los scripts de Idiligo"},"content":{"rendered":"<h1>Informaci\u00f3n sobre los scripts de Idiligo<\/h1>\n<p><span class=\"subtitle\">Idiligo hace que los resultados de las reuniones de sus clientes sean predecibles mediante el uso de scripts. Los guiones son funciones de reuniones, que simplemente se colocan en un orden estructurado y l\u00f3gico. As\u00ed, Idiligo gu\u00eda autom\u00e1ticamente al asesor a trav\u00e9s de un proceso de reuni\u00f3n con el cliente predefinido, paso a paso. Una vez que se ha definido una vez, el proceso se puede reutilizar una y otra vez para lograr resultados repetibles.<\/span><\/p>\n","protected":false},"excerpt":{"rendered":"<p>Informaci\u00f3n sobre los scripts de Idiligo Idiligo hace que los resultados de las reuniones de sus clientes sean predecibles mediante&#8230;<\/p>\n","protected":false},"author":4,"featured_media":0,"parent":5544,"menu_order":0,"comment_status":"closed","ping_status":"closed","template":"page-about-scripts.php","meta":{"_acf_changed":false,"inline_featured_image":false,"footnotes":""},"yst_prominent_words":[156,2718,157,2897,2780,7132,2108,5998,2899,162,2813,2092,2763,7133],"class_list":["post-5543","page","type-page","status-publish","hentry"],"acf":[],"_links":{"self":[{"href":"https:\/\/idiligo.com\/es\/wp-json\/wp\/v2\/pages\/5543","targetHints":{"allow":["GET"]}}],"collection":[{"href":"https:\/\/idiligo.com\/es\/wp-json\/wp\/v2\/pages"}],"about":[{"href":"https:\/\/idiligo.com\/es\/wp-json\/wp\/v2\/types\/page"}],"author":[{"embeddable":true,"href":"https:\/\/idiligo.com\/es\/wp-json\/wp\/v2\/users\/4"}],"replies":[{"embeddable":true,"href":"https:\/\/idiligo.com\/es\/wp-json\/wp\/v2\/comments?post=5543"}],"version-history":[{"count":0,"href":"https:\/\/idiligo.com\/es\/wp-json\/wp\/v2\/pages\/5543\/revisions"}],"up":[{"embeddable":true,"href":"https:\/\/idiligo.com\/es\/wp-json\/wp\/v2\/pages\/5544"}],"wp:attachment":[{"href":"https:\/\/idiligo.com\/es\/wp-json\/wp\/v2\/media?parent=5543"}],"wp:term":[{"taxonomy":"yst_prominent_words","embeddable":true,"href":"https:\/\/idiligo.com\/es\/wp-json\/wp\/v2\/yst_prominent_words?post=5543"}],"curies":[{"name":"wp","href":"https:\/\/api.w.org\/{rel}","templated":true}]}}