{"id":5551,"date":"2018-09-29T09:32:42","date_gmt":"2018-09-29T09:32:42","guid":{"rendered":"https:\/\/idiligo.wpengine.com\/producto\/features\/"},"modified":"2021-05-27T12:41:51","modified_gmt":"2021-05-27T12:41:51","slug":"caracteristicas","status":"publish","type":"page","link":"https:\/\/idiligo.com\/es\/producto\/caracteristicas\/","title":{"rendered":"Caracter\u00edsticas"},"content":{"rendered":"<h1>Todas las caracter\u00edsticas que necesita, en un \u00fanico lugar<\/h1>\n<p><span class=\"subtitle mt-6\">Constantemente agregamos nuevas funciones que lo ayudan a realizar reuniones exitosas con los clientes, desde la presentaci\u00f3n y firma de documentos, la generaci\u00f3n autom\u00e1tica de formularios y el intercambio de pantallas. Simplemente elija qu\u00e9 funciones necesita, col\u00f3quelas en un orden estructurado y su gui\u00f3n personal estar\u00e1 listo. Realice reuniones confiables con los clientes, cierre m\u00e1s acuerdos en menos tiempo y optimice su negocio.<\/span><\/p>\n<p><a class=\"btn-green text-lg py-4 px-sm\" href=\"https:\/\/app.idiligo.com\/signup.aspx?owner=1708\" target=\"_blank\" rel=\"noopener noreferrer\">Prueba Idiligo FREE gratis<\/a><\/p>\n","protected":false},"excerpt":{"rendered":"<p>Todas las caracter\u00edsticas que necesita, en un \u00fanico lugar Constantemente agregamos nuevas funciones que lo ayudan a realizar reuniones exitosas&#8230;<\/p>\n","protected":false},"author":4,"featured_media":0,"parent":5544,"menu_order":0,"comment_status":"closed","ping_status":"closed","template":"page-features.php","meta":{"_acf_changed":false,"inline_featured_image":false,"footnotes":""},"yst_prominent_words":[2738,2791,5146,156,149,2727,2078,2897,3284,2927,2108,2899,2775,2092],"class_list":["post-5551","page","type-page","status-publish","hentry"],"acf":[],"_links":{"self":[{"href":"https:\/\/idiligo.com\/es\/wp-json\/wp\/v2\/pages\/5551","targetHints":{"allow":["GET"]}}],"collection":[{"href":"https:\/\/idiligo.com\/es\/wp-json\/wp\/v2\/pages"}],"about":[{"href":"https:\/\/idiligo.com\/es\/wp-json\/wp\/v2\/types\/page"}],"author":[{"embeddable":true,"href":"https:\/\/idiligo.com\/es\/wp-json\/wp\/v2\/users\/4"}],"replies":[{"embeddable":true,"href":"https:\/\/idiligo.com\/es\/wp-json\/wp\/v2\/comments?post=5551"}],"version-history":[{"count":0,"href":"https:\/\/idiligo.com\/es\/wp-json\/wp\/v2\/pages\/5551\/revisions"}],"up":[{"embeddable":true,"href":"https:\/\/idiligo.com\/es\/wp-json\/wp\/v2\/pages\/5544"}],"wp:attachment":[{"href":"https:\/\/idiligo.com\/es\/wp-json\/wp\/v2\/media?parent=5551"}],"wp:term":[{"taxonomy":"yst_prominent_words","embeddable":true,"href":"https:\/\/idiligo.com\/es\/wp-json\/wp\/v2\/yst_prominent_words?post=5551"}],"curies":[{"name":"wp","href":"https:\/\/api.w.org\/{rel}","templated":true}]}}