{"id":7593,"date":"2019-10-29T11:41:57","date_gmt":"2019-10-29T11:41:57","guid":{"rendered":"https:\/\/idiligo.wpengine.com\/contact-v2\/"},"modified":"2024-08-20T03:15:29","modified_gmt":"2024-08-20T03:15:29","slug":"pongase-en-contacto-con-nosotros","status":"publish","type":"page","link":"https:\/\/idiligo.com\/es\/pongase-en-contacto-con-nosotros\/","title":{"rendered":"Pongase en contacto con nosotros"},"content":{"rendered":"<h1>\u00a1Nos encantar\u00eda escucharle!<\/h1>\n<p><span class=\"subtitle\">Ya tenga una pregunta sobre las caracter\u00edsticas, pruebas o precios o necesite una demostraci\u00f3n o cualquier otra cosa, nuestro equipo est\u00e1 siempre disponible para responder a todas sus preguntas.<br \/>\n<\/span><\/p>\n<div class=\"pt-xs flex justify-center\"><a class=\"btn-green text-lg py-4 px-sm\" href=\"https:\/\/outlook.office365.com\/owa\/calendar\/Idiligo@idiligo.com\/bookings\/\" target=\"_blank\" rel=\"noopener noreferrer\">Reservar una demostraci\u00f3n<\/a><a class=\"btn-outline text-lg py-4 px-sm ml-4\" href=\"https:\/\/idiligo.wpengine.com\/es\/encuentra-socio\/\" target=\"_blank\" rel=\"noopener noreferrer\">Busque un socio local<\/a><\/div>\n","protected":false},"excerpt":{"rendered":"<p>\u00a1Nos encantar\u00eda escucharle! Ya tenga una pregunta sobre las caracter\u00edsticas, pruebas o precios o necesite una demostraci\u00f3n o cualquier otra&#8230;<\/p>\n","protected":false},"author":4,"featured_media":0,"parent":0,"menu_order":0,"comment_status":"closed","ping_status":"closed","template":"page-contact-v3.php","meta":{"_acf_changed":false,"inline_featured_image":false,"footnotes":""},"yst_prominent_words":[2765,2763,2764],"class_list":["post-7593","page","type-page","status-publish","hentry"],"acf":[],"_links":{"self":[{"href":"https:\/\/idiligo.com\/es\/wp-json\/wp\/v2\/pages\/7593","targetHints":{"allow":["GET"]}}],"collection":[{"href":"https:\/\/idiligo.com\/es\/wp-json\/wp\/v2\/pages"}],"about":[{"href":"https:\/\/idiligo.com\/es\/wp-json\/wp\/v2\/types\/page"}],"author":[{"embeddable":true,"href":"https:\/\/idiligo.com\/es\/wp-json\/wp\/v2\/users\/4"}],"replies":[{"embeddable":true,"href":"https:\/\/idiligo.com\/es\/wp-json\/wp\/v2\/comments?post=7593"}],"version-history":[{"count":0,"href":"https:\/\/idiligo.com\/es\/wp-json\/wp\/v2\/pages\/7593\/revisions"}],"wp:attachment":[{"href":"https:\/\/idiligo.com\/es\/wp-json\/wp\/v2\/media?parent=7593"}],"wp:term":[{"taxonomy":"yst_prominent_words","embeddable":true,"href":"https:\/\/idiligo.com\/es\/wp-json\/wp\/v2\/yst_prominent_words?post=7593"}],"curies":[{"name":"wp","href":"https:\/\/api.w.org\/{rel}","templated":true}]}}