{"id":7602,"date":"2019-10-29T11:33:48","date_gmt":"2019-10-29T11:33:48","guid":{"rendered":"https:\/\/idiligo.wpengine.com\/find-partner\/"},"modified":"2019-10-29T14:08:10","modified_gmt":"2019-10-29T14:08:10","slug":"encuentra-socio","status":"publish","type":"page","link":"https:\/\/idiligo.com\/es\/encuentra-socio\/","title":{"rendered":"Encuentra socio"},"content":{"rendered":"<h1>Contacte a nuestros socios locales!<\/h1>\n<p><span class=\"subtitle\">Contacte a nuestros socios locales si tuviera alguna pregunta sobre las caracter\u00edsticas, precios, si necesita una demostraci\u00f3n o para cualquier otra consulta: Nuestros socios certificados de Idiligo responder\u00e1n a sus preguntas y le dar\u00e1n el soporte necesario para implementar Idiligo en su negocio.<\/span><\/p>\n","protected":false},"excerpt":{"rendered":"<p>Contacte a nuestros socios locales! Contacte a nuestros socios locales si tuviera alguna pregunta sobre las caracter\u00edsticas, precios, si necesita&#8230;<\/p>\n","protected":false},"author":4,"featured_media":0,"parent":0,"menu_order":0,"comment_status":"closed","ping_status":"closed","template":"page-partner-v2.php","meta":{"_acf_changed":false,"inline_featured_image":false,"footnotes":""},"yst_prominent_words":[157],"class_list":["post-7602","page","type-page","status-publish","hentry"],"acf":[],"_links":{"self":[{"href":"https:\/\/idiligo.com\/es\/wp-json\/wp\/v2\/pages\/7602","targetHints":{"allow":["GET"]}}],"collection":[{"href":"https:\/\/idiligo.com\/es\/wp-json\/wp\/v2\/pages"}],"about":[{"href":"https:\/\/idiligo.com\/es\/wp-json\/wp\/v2\/types\/page"}],"author":[{"embeddable":true,"href":"https:\/\/idiligo.com\/es\/wp-json\/wp\/v2\/users\/4"}],"replies":[{"embeddable":true,"href":"https:\/\/idiligo.com\/es\/wp-json\/wp\/v2\/comments?post=7602"}],"version-history":[{"count":0,"href":"https:\/\/idiligo.com\/es\/wp-json\/wp\/v2\/pages\/7602\/revisions"}],"wp:attachment":[{"href":"https:\/\/idiligo.com\/es\/wp-json\/wp\/v2\/media?parent=7602"}],"wp:term":[{"taxonomy":"yst_prominent_words","embeddable":true,"href":"https:\/\/idiligo.com\/es\/wp-json\/wp\/v2\/yst_prominent_words?post=7602"}],"curies":[{"name":"wp","href":"https:\/\/api.w.org\/{rel}","templated":true}]}}