{"id":9174,"date":"2020-07-01T12:11:48","date_gmt":"2020-07-01T12:11:48","guid":{"rendered":"https:\/\/idiligo.wpengine.com\/?page_id=9174"},"modified":"2021-05-27T12:47:09","modified_gmt":"2021-05-27T12:47:09","slug":"ventas-y-centro-de-llamadas","status":"publish","type":"page","link":"https:\/\/idiligo.com\/es\/sectores\/ventas-y-centro-de-llamadas\/","title":{"rendered":"Ventas y Centro de llamadas"},"content":{"rendered":"<h1>La soluci\u00f3n para equipos de ventas, vendedores y revendedores<\/h1>\n<p><span class=\"subtitle mb-6 md:pr-lg\">Logre resultados mejores y predecibles agregando contenido inteligente a cualquier reuni\u00f3n con el cliente. Desde nuevos negocios hasta llamadas de retenci\u00f3n de clientes, Idiligo integra procesos completos de ventas y asesor\u00eda. Esto aumenta las tasas de cierre y reduce las curvas de aprendizaje.<\/span><\/p>\n<div class=\"mt-6\"><a class=\"btn-green md:mr-4\" href=\"https:\/\/idiligo.com\/es\/pongase-en-contacto-con-nosotros\/\" target=\"_blank\" rel=\"noopener noreferrer\">P\u00f3ngase en contacto con nosotros<\/a><a class=\"btn-outline mt-4 md:mt-0\" href=\"https:\/\/idiligo.com\/es\/precios\/\" target=\"_blank\" rel=\"noopener noreferrer\">Comprobar precios<\/a><\/div>\n","protected":false},"excerpt":{"rendered":"<p>La soluci\u00f3n para equipos de ventas, vendedores y revendedores Logre resultados mejores y predecibles agregando contenido inteligente a cualquier reuni\u00f3n&#8230;<\/p>\n","protected":false},"author":4,"featured_media":4879,"parent":5835,"menu_order":0,"comment_status":"closed","ping_status":"closed","template":"page-flex.php","meta":{"_acf_changed":false,"inline_featured_image":false,"footnotes":""},"yst_prominent_words":[2791,156,2711,2789,2731],"class_list":["post-9174","page","type-page","status-publish","has-post-thumbnail","hentry"],"acf":[],"_links":{"self":[{"href":"https:\/\/idiligo.com\/es\/wp-json\/wp\/v2\/pages\/9174","targetHints":{"allow":["GET"]}}],"collection":[{"href":"https:\/\/idiligo.com\/es\/wp-json\/wp\/v2\/pages"}],"about":[{"href":"https:\/\/idiligo.com\/es\/wp-json\/wp\/v2\/types\/page"}],"author":[{"embeddable":true,"href":"https:\/\/idiligo.com\/es\/wp-json\/wp\/v2\/users\/4"}],"replies":[{"embeddable":true,"href":"https:\/\/idiligo.com\/es\/wp-json\/wp\/v2\/comments?post=9174"}],"version-history":[{"count":0,"href":"https:\/\/idiligo.com\/es\/wp-json\/wp\/v2\/pages\/9174\/revisions"}],"up":[{"embeddable":true,"href":"https:\/\/idiligo.com\/es\/wp-json\/wp\/v2\/pages\/5835"}],"wp:featuredmedia":[{"embeddable":true,"href":"https:\/\/idiligo.com\/es\/wp-json\/wp\/v2\/media\/4879"}],"wp:attachment":[{"href":"https:\/\/idiligo.com\/es\/wp-json\/wp\/v2\/media?parent=9174"}],"wp:term":[{"taxonomy":"yst_prominent_words","embeddable":true,"href":"https:\/\/idiligo.com\/es\/wp-json\/wp\/v2\/yst_prominent_words?post=9174"}],"curies":[{"name":"wp","href":"https:\/\/api.w.org\/{rel}","templated":true}]}}