{"id":5093,"date":"2018-09-29T09:37:14","date_gmt":"2018-09-29T09:37:14","guid":{"rendered":"https:\/\/idiligo.wpengine.com\/about-us\/"},"modified":"2022-03-28T12:04:57","modified_gmt":"2022-03-28T12:04:57","slug":"qui-sommes-nous","status":"publish","type":"page","link":"https:\/\/idiligo.com\/fr\/qui-sommes-nous\/","title":{"rendered":"Qui sommes-nous?"},"content":{"rendered":"<p>Tout au long de nos nombreuses ann\u00e9es de travail dans la vente et le conseil, nous avons rencontr\u00e9 de multiples conseillers et commerciaux talentueux. Toutefois, nous avons remarqu\u00e9 que nombre d\u2019entre eux avaient du mal \u00e0 s\u2019organiser ou \u00e0 trouver l\u2019argumentaire parfait.<\/p>\n<p>Nous avons \u00e9galement constat\u00e9 que, du fait de taux de rotation \u00e9lev\u00e9s, de lacunes dans la formation du personnel ou simplement d\u2019un manque d\u2019int\u00e9r\u00eat, beaucoup de conseillers ou de commerciaux ne savaient pas vraiment comment expliquer leur produit et le vendre correctement.<\/p>\n<p>Nous avons donc propos\u00e9 Idiligo et r\u00e9solu les deux : Idiligo s&rsquo;assure que TOUS les commerciaux et conseillers peuvent r\u00e9ussir ! Il ajoute du contenu et des processus intelligents \u00e0 toute r\u00e9union client, qu&rsquo;elle se d\u00e9roule en ligne ou hors ligne. Les commerciaux et les conseillers sont guid\u00e9s pas \u00e0 pas dans un rendez-vous client orient\u00e9 r\u00e9sultats, car l&rsquo;organisation peut pr\u00e9d\u00e9finir tout cela en amont. Ainsi, le contenu et le processus corrects sont toujours utilis\u00e9s, ce qui donne \u00e0 l&rsquo;organisation un contr\u00f4le \u00e0 100% sur ce qui se passe lors des r\u00e9unions avec les clients. De plus, l&rsquo;organisation peut \u00eatre s\u00fbre que tous les conseils sont conformes et corrects. Comme Idiligo est si facile \u00e0 utiliser, la courbe d&rsquo;apprentissage des nouveaux employ\u00e9s est r\u00e9duite de 50%, ce qui signifie qu&rsquo;ils sont en mesure de conseiller et de vendre professionnellement beaucoup plus rapidement. Pour \u00eatre encore plus efficace Idiligo peut m\u00eame \u00eatre int\u00e9gr\u00e9 dans d&rsquo;autres solutions comme votre syst\u00e8me CRM.<\/p>\n<p>L&rsquo;ajout de contenu intelligent aux r\u00e9unions client rationalise et am\u00e9liore facilement la qualit\u00e9 de la communication globale avec le client.<\/p>\n","protected":false},"excerpt":{"rendered":"<p>Tout au long de nos nombreuses ann\u00e9es de travail dans la vente et le conseil, nous avons rencontr\u00e9 de multiples&#8230;<\/p>\n","protected":false},"author":4,"featured_media":0,"parent":0,"menu_order":0,"comment_status":"closed","ping_status":"closed","template":"page-about2.php","meta":{"_acf_changed":false,"inline_featured_image":false,"footnotes":""},"yst_prominent_words":[2084,2075,2095,2509,2508,2078,2096,2080,2087,2077,2083,2182],"class_list":["post-5093","page","type-page","status-publish","hentry"],"acf":[],"_links":{"self":[{"href":"https:\/\/idiligo.com\/fr\/wp-json\/wp\/v2\/pages\/5093","targetHints":{"allow":["GET"]}}],"collection":[{"href":"https:\/\/idiligo.com\/fr\/wp-json\/wp\/v2\/pages"}],"about":[{"href":"https:\/\/idiligo.com\/fr\/wp-json\/wp\/v2\/types\/page"}],"author":[{"embeddable":true,"href":"https:\/\/idiligo.com\/fr\/wp-json\/wp\/v2\/users\/4"}],"replies":[{"embeddable":true,"href":"https:\/\/idiligo.com\/fr\/wp-json\/wp\/v2\/comments?post=5093"}],"version-history":[{"count":0,"href":"https:\/\/idiligo.com\/fr\/wp-json\/wp\/v2\/pages\/5093\/revisions"}],"wp:attachment":[{"href":"https:\/\/idiligo.com\/fr\/wp-json\/wp\/v2\/media?parent=5093"}],"wp:term":[{"taxonomy":"yst_prominent_words","embeddable":true,"href":"https:\/\/idiligo.com\/fr\/wp-json\/wp\/v2\/yst_prominent_words?post=5093"}],"curies":[{"name":"wp","href":"https:\/\/api.w.org\/{rel}","templated":true}]}}