{"id":5096,"date":"2018-09-29T09:36:13","date_gmt":"2018-09-29T09:36:13","guid":{"rendered":"https:\/\/idiligo.wpengine.com\/become-a-partner\/"},"modified":"2021-06-04T09:34:04","modified_gmt":"2021-06-04T09:34:04","slug":"devenez-partenaire","status":"publish","type":"page","link":"https:\/\/idiligo.com\/fr\/devenez-partenaire\/","title":{"rendered":"Devenez partenaire"},"content":{"rendered":"<h1 class=\"mb-6\">D\u00e9veloppez votre entreprise autour de r\u00e9unions clients script\u00e9es<\/h1>\n<p><span class=\"subtitle mb-6 md:pr-lg\">Rejoignez le r\u00e9seau international de partenaires Idiligo et augmentez le succ\u00e8s et l\u2019efficacit\u00e9 d\u2019entreprises du monde entier.<\/span><\/p>\n<div class=\"mt-6\"><a class=\"btn-blue mr-6\" data-fancybox=\"\" data-src=\"#partner-popup\">Devenez partenaire<\/a><\/div>\n","protected":false},"excerpt":{"rendered":"<p>D\u00e9veloppez votre entreprise autour de r\u00e9unions clients script\u00e9es Rejoignez le r\u00e9seau international de partenaires Idiligo et augmentez le succ\u00e8s et&#8230;<\/p>\n","protected":false},"author":4,"featured_media":1765,"parent":0,"menu_order":0,"comment_status":"closed","ping_status":"closed","template":"page-partner.php","meta":{"_acf_changed":false,"inline_featured_image":false,"footnotes":""},"yst_prominent_words":[156,2074,2096],"class_list":["post-5096","page","type-page","status-publish","has-post-thumbnail","hentry"],"acf":[],"_links":{"self":[{"href":"https:\/\/idiligo.com\/fr\/wp-json\/wp\/v2\/pages\/5096","targetHints":{"allow":["GET"]}}],"collection":[{"href":"https:\/\/idiligo.com\/fr\/wp-json\/wp\/v2\/pages"}],"about":[{"href":"https:\/\/idiligo.com\/fr\/wp-json\/wp\/v2\/types\/page"}],"author":[{"embeddable":true,"href":"https:\/\/idiligo.com\/fr\/wp-json\/wp\/v2\/users\/4"}],"replies":[{"embeddable":true,"href":"https:\/\/idiligo.com\/fr\/wp-json\/wp\/v2\/comments?post=5096"}],"version-history":[{"count":0,"href":"https:\/\/idiligo.com\/fr\/wp-json\/wp\/v2\/pages\/5096\/revisions"}],"wp:featuredmedia":[{"embeddable":true,"href":"https:\/\/idiligo.com\/fr\/wp-json\/wp\/v2\/media\/1765"}],"wp:attachment":[{"href":"https:\/\/idiligo.com\/fr\/wp-json\/wp\/v2\/media?parent=5096"}],"wp:term":[{"taxonomy":"yst_prominent_words","embeddable":true,"href":"https:\/\/idiligo.com\/fr\/wp-json\/wp\/v2\/yst_prominent_words?post=5096"}],"curies":[{"name":"wp","href":"https:\/\/api.w.org\/{rel}","templated":true}]}}