{"id":5129,"date":"2018-10-01T08:21:09","date_gmt":"2018-10-01T08:21:09","guid":{"rendered":"https:\/\/idiligo.wpengine.com\/join\/"},"modified":"2019-07-15T12:49:09","modified_gmt":"2019-07-15T12:49:09","slug":"rejoindre","status":"publish","type":"page","link":"https:\/\/idiligo.com\/fr\/rejoindre\/","title":{"rendered":"Rejoignez une r\u00e9union Idiligo"},"content":{"rendered":"<h3 style=\"text-align: center;\">Rejoignez une r\u00e9union en ligne Idiligo<\/h3>\n<p style=\"text-align: center;\">Saisissez le code de r\u00e9union Idiligo qui vous a \u00e9t\u00e9 remis par votre h\u00f4te.<\/p>\n<div class=\"flex text-center justify-center items-center flex-col md:flex-row\"><input id=\"idiligo_public_id\" class=\"form-control-short rounded py-3 px-6 mr-2\" name=\"idiligo_public_id\" type=\"text\" \/><button id=\"btn-join-meeting\" class=\"btn-green block mt-2 md:mt-0\">Rejoindre une r\u00e9union<\/button><\/div>\n","protected":false},"excerpt":{"rendered":"<p>Rejoignez une r\u00e9union en ligne Idiligo Saisissez le code de r\u00e9union Idiligo qui vous a \u00e9t\u00e9 remis par votre h\u00f4te&#8230;.<\/p>\n","protected":false},"author":4,"featured_media":0,"parent":0,"menu_order":0,"comment_status":"closed","ping_status":"closed","template":"","meta":{"_acf_changed":false,"inline_featured_image":false,"footnotes":""},"yst_prominent_words":[157,2143,2145,2146],"class_list":["post-5129","page","type-page","status-publish","hentry"],"acf":[],"_links":{"self":[{"href":"https:\/\/idiligo.com\/fr\/wp-json\/wp\/v2\/pages\/5129","targetHints":{"allow":["GET"]}}],"collection":[{"href":"https:\/\/idiligo.com\/fr\/wp-json\/wp\/v2\/pages"}],"about":[{"href":"https:\/\/idiligo.com\/fr\/wp-json\/wp\/v2\/types\/page"}],"author":[{"embeddable":true,"href":"https:\/\/idiligo.com\/fr\/wp-json\/wp\/v2\/users\/4"}],"replies":[{"embeddable":true,"href":"https:\/\/idiligo.com\/fr\/wp-json\/wp\/v2\/comments?post=5129"}],"version-history":[{"count":0,"href":"https:\/\/idiligo.com\/fr\/wp-json\/wp\/v2\/pages\/5129\/revisions"}],"wp:attachment":[{"href":"https:\/\/idiligo.com\/fr\/wp-json\/wp\/v2\/media?parent=5129"}],"wp:term":[{"taxonomy":"yst_prominent_words","embeddable":true,"href":"https:\/\/idiligo.com\/fr\/wp-json\/wp\/v2\/yst_prominent_words?post=5129"}],"curies":[{"name":"wp","href":"https:\/\/api.w.org\/{rel}","templated":true}]}}