{"id":5143,"date":"2018-09-29T09:34:56","date_gmt":"2018-09-29T09:34:56","guid":{"rendered":"https:\/\/idiligo.wpengine.com\/pricing\/"},"modified":"2021-06-04T09:28:07","modified_gmt":"2021-06-04T09:28:07","slug":"tarifs","status":"publish","type":"page","link":"https:\/\/idiligo.com\/fr\/tarifs\/","title":{"rendered":"Tarifs"},"content":{"rendered":"<h1>Des prix simples et transparents<\/h1>\n<p><span class=\"subtitle mt-6\">Faites passer vos r\u00e9unions clients au niveau sup\u00e9rieur. Choisissez la formule adapt\u00e9e \u00e0 votre entreprise et modifiez-la \u00e0 tout moment.<\/span><\/p>\n<p><a class=\"btn-green text-lg py-4 px-sm\" href=\"https:\/\/app.idiligo.com\/signup.aspx?owner=1712\" target=\"_blank\" rel=\"noopener noreferrer\">Testez Idiligo FREE gratuitement<\/a><\/p>\n","protected":false},"excerpt":{"rendered":"<p>Des prix simples et transparents Faites passer vos r\u00e9unions clients au niveau sup\u00e9rieur. Choisissez la formule adapt\u00e9e \u00e0 votre entreprise&#8230;<\/p>\n","protected":false},"author":4,"featured_media":0,"parent":0,"menu_order":0,"comment_status":"closed","ping_status":"closed","template":"page-pricing.php","meta":{"_acf_changed":false,"inline_featured_image":false,"footnotes":""},"yst_prominent_words":[2074],"class_list":["post-5143","page","type-page","status-publish","hentry"],"acf":[],"_links":{"self":[{"href":"https:\/\/idiligo.com\/fr\/wp-json\/wp\/v2\/pages\/5143","targetHints":{"allow":["GET"]}}],"collection":[{"href":"https:\/\/idiligo.com\/fr\/wp-json\/wp\/v2\/pages"}],"about":[{"href":"https:\/\/idiligo.com\/fr\/wp-json\/wp\/v2\/types\/page"}],"author":[{"embeddable":true,"href":"https:\/\/idiligo.com\/fr\/wp-json\/wp\/v2\/users\/4"}],"replies":[{"embeddable":true,"href":"https:\/\/idiligo.com\/fr\/wp-json\/wp\/v2\/comments?post=5143"}],"version-history":[{"count":0,"href":"https:\/\/idiligo.com\/fr\/wp-json\/wp\/v2\/pages\/5143\/revisions"}],"wp:attachment":[{"href":"https:\/\/idiligo.com\/fr\/wp-json\/wp\/v2\/media?parent=5143"}],"wp:term":[{"taxonomy":"yst_prominent_words","embeddable":true,"href":"https:\/\/idiligo.com\/fr\/wp-json\/wp\/v2\/yst_prominent_words?post=5143"}],"curies":[{"name":"wp","href":"https:\/\/api.w.org\/{rel}","templated":true}]}}