{"id":5163,"date":"2018-09-29T09:32:19","date_gmt":"2018-09-29T09:32:19","guid":{"rendered":"https:\/\/idiligo.wpengine.com\/produit\/how-it-works\/"},"modified":"2022-02-20T20:18:34","modified_gmt":"2022-02-20T20:18:34","slug":"comment-ca-marche","status":"publish","type":"page","link":"https:\/\/idiligo.com\/fr\/produit\/comment-ca-marche\/","title":{"rendered":"Fonctionnement d\u2019Idiligo"},"content":{"rendered":"<h1>Fonctionnement d\u2019Idiligo<\/h1>\n<p><span class=\"subtitle mt-6\">Idiligo ajoute du contenu et des processus intelligents \u00e0 toute r\u00e9union client. Ainsi, les conseillers organisent des r\u00e9unions clients orient\u00e9es r\u00e9sultats et pr\u00e9visibles, car Idiligo les conduit automatiquement \u00e0 travers une r\u00e9union structur\u00e9e, \u00e9tape par \u00e9tape. Cela peut \u00eatre utilis\u00e9 \u00e0 la fois dans les r\u00e9unions en ligne ou hors ligne. Pendant la r\u00e9union, les deux parties voient le m\u00eame contenu et peuvent interagir. \u00c9tant donn\u00e9 que le processus de vente ou de conseil parfait a \u00e9t\u00e9 pr\u00e9d\u00e9fini, rien ne peut \u00eatre oubli\u00e9 ou expliqu\u00e9 de mani\u00e8re incorrecte. Ce processus pr\u00e9d\u00e9fini est appel\u00e9 un \u00abscript\u00bb.\u00a0\u00a0<\/span><\/p>\n<p><a class=\"btn-green text-lg py-4 px-sm\" href=\"https:\/\/app.idiligo.com\/signup.aspx?owner=1708\" target=\"_blank\" rel=\"noopener noreferrer\">Testez Idiligo FREE gratuitement<\/a><\/p>\n","protected":false},"excerpt":{"rendered":"<p>Fonctionnement d\u2019Idiligo Idiligo ajoute du contenu et des processus intelligents \u00e0 toute r\u00e9union client. Ainsi, les conseillers organisent des r\u00e9unions&#8230;<\/p>\n","protected":false},"author":4,"featured_media":0,"parent":5153,"menu_order":0,"comment_status":"closed","ping_status":"closed","template":"page-how.php","meta":{"_acf_changed":false,"inline_featured_image":false,"footnotes":""},"yst_prominent_words":[156,212,2074,2224,2454,157,2078,2096,2080,2094,2267,2226,2283,5404,2143,2093],"class_list":["post-5163","page","type-page","status-publish","hentry"],"acf":[],"_links":{"self":[{"href":"https:\/\/idiligo.com\/fr\/wp-json\/wp\/v2\/pages\/5163","targetHints":{"allow":["GET"]}}],"collection":[{"href":"https:\/\/idiligo.com\/fr\/wp-json\/wp\/v2\/pages"}],"about":[{"href":"https:\/\/idiligo.com\/fr\/wp-json\/wp\/v2\/types\/page"}],"author":[{"embeddable":true,"href":"https:\/\/idiligo.com\/fr\/wp-json\/wp\/v2\/users\/4"}],"replies":[{"embeddable":true,"href":"https:\/\/idiligo.com\/fr\/wp-json\/wp\/v2\/comments?post=5163"}],"version-history":[{"count":0,"href":"https:\/\/idiligo.com\/fr\/wp-json\/wp\/v2\/pages\/5163\/revisions"}],"up":[{"embeddable":true,"href":"https:\/\/idiligo.com\/fr\/wp-json\/wp\/v2\/pages\/5153"}],"wp:attachment":[{"href":"https:\/\/idiligo.com\/fr\/wp-json\/wp\/v2\/media?parent=5163"}],"wp:term":[{"taxonomy":"yst_prominent_words","embeddable":true,"href":"https:\/\/idiligo.com\/fr\/wp-json\/wp\/v2\/yst_prominent_words?post=5163"}],"curies":[{"name":"wp","href":"https:\/\/api.w.org\/{rel}","templated":true}]}}