{"id":7503,"date":"2019-10-08T09:18:42","date_gmt":"2019-10-08T09:18:42","guid":{"rendered":"https:\/\/idiligo.wpengine.com\/consulting-implementation-services\/"},"modified":"2020-08-07T07:27:25","modified_gmt":"2020-08-07T07:27:25","slug":"services-conseil-et-mise-en-oeuvre","status":"publish","type":"page","link":"https:\/\/idiligo.com\/fr\/services-conseil-et-mise-en-oeuvre\/","title":{"rendered":"Services de conseil &#038; de mise en \u0153uvre"},"content":{"rendered":"<h1 class=\"mb-6\">Services de conseil et de mise en \u0153uvre<\/h1>\n<p><span class=\"subtitle mb-6 md:pr-lg\">Lancez votre activit\u00e9 de conseil ou de vente interne avec les r\u00e9unions en ligne Idiligo en collaborant avec l\u2019un de nos partenaires exp\u00e9riment\u00e9s. B\u00e9n\u00e9ficiez de conseils, d\u2019expertise et de bonnes pratiques pour d\u00e9marrer plus vite et constater des r\u00e9sultats imm\u00e9diats.<\/span><\/p>\n","protected":false},"excerpt":{"rendered":"<p>Services de conseil et de mise en \u0153uvre Lancez votre activit\u00e9 de conseil ou de vente interne avec les r\u00e9unions&#8230;<\/p>\n","protected":false},"author":4,"featured_media":7294,"parent":0,"menu_order":0,"comment_status":"closed","ping_status":"closed","template":"page-flex.php","meta":{"_acf_changed":false,"inline_featured_image":false,"footnotes":""},"yst_prominent_words":[2569,5397,156,2607,149,2074,5396],"class_list":["post-7503","page","type-page","status-publish","has-post-thumbnail","hentry"],"acf":[],"_links":{"self":[{"href":"https:\/\/idiligo.com\/fr\/wp-json\/wp\/v2\/pages\/7503","targetHints":{"allow":["GET"]}}],"collection":[{"href":"https:\/\/idiligo.com\/fr\/wp-json\/wp\/v2\/pages"}],"about":[{"href":"https:\/\/idiligo.com\/fr\/wp-json\/wp\/v2\/types\/page"}],"author":[{"embeddable":true,"href":"https:\/\/idiligo.com\/fr\/wp-json\/wp\/v2\/users\/4"}],"replies":[{"embeddable":true,"href":"https:\/\/idiligo.com\/fr\/wp-json\/wp\/v2\/comments?post=7503"}],"version-history":[{"count":0,"href":"https:\/\/idiligo.com\/fr\/wp-json\/wp\/v2\/pages\/7503\/revisions"}],"wp:featuredmedia":[{"embeddable":true,"href":"https:\/\/idiligo.com\/fr\/wp-json\/wp\/v2\/media\/7294"}],"wp:attachment":[{"href":"https:\/\/idiligo.com\/fr\/wp-json\/wp\/v2\/media?parent=7503"}],"wp:term":[{"taxonomy":"yst_prominent_words","embeddable":true,"href":"https:\/\/idiligo.com\/fr\/wp-json\/wp\/v2\/yst_prominent_words?post=7503"}],"curies":[{"name":"wp","href":"https:\/\/api.w.org\/{rel}","templated":true}]}}