{"id":9503,"date":"2020-01-24T10:27:59","date_gmt":"2020-01-24T10:27:59","guid":{"rendered":"https:\/\/idiligo.com\/network-scripts\/"},"modified":"2022-02-20T20:32:35","modified_gmt":"2022-02-20T20:32:35","slug":"network-scripts","status":"publish","type":"page","link":"https:\/\/idiligo.com\/fr\/network-scripts\/","title":{"rendered":"Network Scripts"},"content":{"rendered":"<h1>Network Scripts<\/h1>\n<p><span class=\"subtitle mb-6 md:pr-lg\">Distribuez un script pr\u00e9d\u00e9fini et pr\u00eat \u00e0 l&#8217;emploi \u00e0 votre propre r\u00e9seau de revendeurs ou de conseillers. Cela peut \u00eatre un script de vente ou de conseil, ou autre chose. Augmentez le contr\u00f4le et augmentez les ventes en m\u00eame temps!<\/span><\/p>\n","protected":false},"excerpt":{"rendered":"<p>Network Scripts Distribuez un script pr\u00e9d\u00e9fini et pr\u00eat \u00e0 l&#8217;emploi \u00e0 votre propre r\u00e9seau de revendeurs ou de conseillers. Cela&#8230;<\/p>\n","protected":false},"author":4,"featured_media":8380,"parent":0,"menu_order":0,"comment_status":"closed","ping_status":"closed","template":"page-flex.php","meta":{"_acf_changed":false,"inline_featured_image":false,"footnotes":""},"yst_prominent_words":[156,2074,2267,7059,161,2092,2233],"class_list":["post-9503","page","type-page","status-publish","has-post-thumbnail","hentry"],"acf":[],"_links":{"self":[{"href":"https:\/\/idiligo.com\/fr\/wp-json\/wp\/v2\/pages\/9503","targetHints":{"allow":["GET"]}}],"collection":[{"href":"https:\/\/idiligo.com\/fr\/wp-json\/wp\/v2\/pages"}],"about":[{"href":"https:\/\/idiligo.com\/fr\/wp-json\/wp\/v2\/types\/page"}],"author":[{"embeddable":true,"href":"https:\/\/idiligo.com\/fr\/wp-json\/wp\/v2\/users\/4"}],"replies":[{"embeddable":true,"href":"https:\/\/idiligo.com\/fr\/wp-json\/wp\/v2\/comments?post=9503"}],"version-history":[{"count":0,"href":"https:\/\/idiligo.com\/fr\/wp-json\/wp\/v2\/pages\/9503\/revisions"}],"wp:featuredmedia":[{"embeddable":true,"href":"https:\/\/idiligo.com\/fr\/wp-json\/wp\/v2\/media\/8380"}],"wp:attachment":[{"href":"https:\/\/idiligo.com\/fr\/wp-json\/wp\/v2\/media?parent=9503"}],"wp:term":[{"taxonomy":"yst_prominent_words","embeddable":true,"href":"https:\/\/idiligo.com\/fr\/wp-json\/wp\/v2\/yst_prominent_words?post=9503"}],"curies":[{"name":"wp","href":"https:\/\/api.w.org\/{rel}","templated":true}]}}