{"id":58155,"date":"2019-04-14T09:10:30","date_gmt":"2019-04-14T09:10:30","guid":{"rendered":"https:\/\/idiligo.com\/?page_id=58155"},"modified":"2024-10-23T12:07:29","modified_gmt":"2024-10-23T12:07:29","slug":"naslovnica","status":"publish","type":"page","link":"https:\/\/idiligo.com\/hr\/","title":{"rendered":"Naslovnica"},"content":{"rendered":"<h1 class=\"mb-6\">Uvijek va\u0161 najbolji mogu\u0107i sastanak s klijentima<\/h1>\n<p><span class=\"subtitle mb-6 md:pr-lg\">Ostvarite ve\u0107i utjecaj vo\u0111enim sastancima s pametnim sadr\u017eajem<\/span><\/p>\n<div class=\"mt-6 btn-row\"><a class=\"btn-green md:mr-4\" href=\"https:\/\/idiligo.com\/contact-us\/\">Kontaktirajte nas<\/a> ili\u00a0<a class=\"btn-text mt-4 md:mt-0 ml-4\" href=\"https:\/\/idiligo.com\/hr\/cijene\/\" target=\"_blank\" rel=\"noopener noreferrer\">Cjenik<\/a><\/div>\n","protected":false},"excerpt":{"rendered":"<p>Uvijek va\u0161 najbolji mogu\u0107i sastanak s klijentima Ostvarite ve\u0107i utjecaj vo\u0111enim sastancima s pametnim sadr\u017eajem Kontaktirajte nas ili\u00a0Cjenik<\/p>\n","protected":false},"author":4,"featured_media":58138,"parent":0,"menu_order":0,"comment_status":"closed","ping_status":"closed","template":"home-page-v2.php","meta":{"_acf_changed":false,"inline_featured_image":false,"footnotes":""},"yst_prominent_words":[],"class_list":["post-58155","page","type-page","status-publish","has-post-thumbnail","hentry"],"acf":[],"_links":{"self":[{"href":"https:\/\/idiligo.com\/hr\/wp-json\/wp\/v2\/pages\/58155","targetHints":{"allow":["GET"]}}],"collection":[{"href":"https:\/\/idiligo.com\/hr\/wp-json\/wp\/v2\/pages"}],"about":[{"href":"https:\/\/idiligo.com\/hr\/wp-json\/wp\/v2\/types\/page"}],"author":[{"embeddable":true,"href":"https:\/\/idiligo.com\/hr\/wp-json\/wp\/v2\/users\/4"}],"replies":[{"embeddable":true,"href":"https:\/\/idiligo.com\/hr\/wp-json\/wp\/v2\/comments?post=58155"}],"version-history":[{"count":0,"href":"https:\/\/idiligo.com\/hr\/wp-json\/wp\/v2\/pages\/58155\/revisions"}],"wp:featuredmedia":[{"embeddable":true,"href":"https:\/\/idiligo.com\/hr\/wp-json\/wp\/v2\/media\/58138"}],"wp:attachment":[{"href":"https:\/\/idiligo.com\/hr\/wp-json\/wp\/v2\/media?parent=58155"}],"wp:term":[{"taxonomy":"yst_prominent_words","embeddable":true,"href":"https:\/\/idiligo.com\/hr\/wp-json\/wp\/v2\/yst_prominent_words?post=58155"}],"curies":[{"name":"wp","href":"https:\/\/api.w.org\/{rel}","templated":true}]}}