{"id":59261,"date":"2018-09-29T09:32:19","date_gmt":"2018-09-29T09:32:19","guid":{"rendered":"https:\/\/idiligo.com\/?page_id=59261"},"modified":"2024-10-16T19:11:43","modified_gmt":"2024-10-16T19:11:43","slug":"kako-radi","status":"publish","type":"page","link":"https:\/\/idiligo.com\/hr\/kako-radi\/","title":{"rendered":"Kako funkcionira Idiligo"},"content":{"rendered":"<h1>Kako funkcionira Idiligo<\/h1>\n<p>Idiligo dodaje pametan sadr\u017eaj i procese svakom sastanku s klijentima. Na taj na\u010din savjetnici odr\u017eavaju sastanke s klijentima usmjerene na rezultate i predvidljive sastanke. Idiligo ih automatski vodi kroz strukturirani sastanak, korak po korak. Ovo se mo\u017ee koristiti na online ili offline sastancima. Tijekom sastanka obje strane vide isti sadr\u017eaj i mogu komunicirati. Budu\u0107i da je savr\u0161en proces prodaje ili savjetovanja unaprijed definiran, ni\u0161ta se ne mo\u017ee zaboraviti ili krivo objasniti. Ovaj unaprijed definirani proces naziva se &#8220;skripta&#8221;.<\/p>\n<p><a class=\"btn-green text-lg py-4 px-sm\" href=\"https:\/\/app.idiligo.com\/signup.aspx?owner=1708\" target=\"_blank\" rel=\"noopener noreferrer\">Testirajte Idiligo besplatno<\/a><\/p>\n","protected":false},"excerpt":{"rendered":"<p>Kako funkcionira Idiligo Idiligo dodaje pametan sadr\u017eaj i procese svakom sastanku s klijentima. Na taj na\u010din savjetnici odr\u017eavaju sastanke s&#8230;<\/p>\n","protected":false},"author":4,"featured_media":0,"parent":0,"menu_order":0,"comment_status":"closed","ping_status":"closed","template":"page-how.php","meta":{"_acf_changed":false,"inline_featured_image":false,"footnotes":""},"yst_prominent_words":[157,4809,2813],"class_list":["post-59261","page","type-page","status-publish","hentry"],"acf":[],"_links":{"self":[{"href":"https:\/\/idiligo.com\/hr\/wp-json\/wp\/v2\/pages\/59261","targetHints":{"allow":["GET"]}}],"collection":[{"href":"https:\/\/idiligo.com\/hr\/wp-json\/wp\/v2\/pages"}],"about":[{"href":"https:\/\/idiligo.com\/hr\/wp-json\/wp\/v2\/types\/page"}],"author":[{"embeddable":true,"href":"https:\/\/idiligo.com\/hr\/wp-json\/wp\/v2\/users\/4"}],"replies":[{"embeddable":true,"href":"https:\/\/idiligo.com\/hr\/wp-json\/wp\/v2\/comments?post=59261"}],"version-history":[{"count":0,"href":"https:\/\/idiligo.com\/hr\/wp-json\/wp\/v2\/pages\/59261\/revisions"}],"wp:attachment":[{"href":"https:\/\/idiligo.com\/hr\/wp-json\/wp\/v2\/media?parent=59261"}],"wp:term":[{"taxonomy":"yst_prominent_words","embeddable":true,"href":"https:\/\/idiligo.com\/hr\/wp-json\/wp\/v2\/yst_prominent_words?post=59261"}],"curies":[{"name":"wp","href":"https:\/\/api.w.org\/{rel}","templated":true}]}}