{"id":59359,"date":"2018-09-29T09:32:54","date_gmt":"2018-09-29T09:32:54","guid":{"rendered":"https:\/\/idiligo.com\/?page_id=59359"},"modified":"2024-10-16T18:59:06","modified_gmt":"2024-10-16T18:59:06","slug":"o-idiligo-skriptama","status":"publish","type":"page","link":"https:\/\/idiligo.com\/hr\/o-idiligo-skriptama\/","title":{"rendered":"O Idiligo skriptama"},"content":{"rendered":"<h1>O Idiligo skriptama<\/h1>\n<p>Idiligo \u010dini ishode sastanka s klijentima predvidljivim pomo\u0107u skripti. Skripte su zna\u010dajke susreta koje se jednostavno postavljaju u strukturirani i logi\u010dan redoslijed. Na ovaj na\u010din, Idiligo automatski vodi savjetnika kroz unaprijed definirani proces sastanka s klijentom, korak po korak. Nakon \u0161to je jednom definiran, proces se mo\u017ee ponovno koristiti za postizanje ponovljivih rezultata.<\/p>\n","protected":false},"excerpt":{"rendered":"<p>O Idiligo skriptama Idiligo \u010dini ishode sastanka s klijentima predvidljivim pomo\u0107u skripti. Skripte su zna\u010dajke susreta koje se jednostavno postavljaju&#8230;<\/p>\n","protected":false},"author":4,"featured_media":0,"parent":0,"menu_order":0,"comment_status":"closed","ping_status":"closed","template":"page-about-scripts.php","meta":{"_acf_changed":false,"inline_featured_image":false,"footnotes":""},"yst_prominent_words":[157,4809,2813],"class_list":["post-59359","page","type-page","status-publish","hentry"],"acf":[],"_links":{"self":[{"href":"https:\/\/idiligo.com\/hr\/wp-json\/wp\/v2\/pages\/59359","targetHints":{"allow":["GET"]}}],"collection":[{"href":"https:\/\/idiligo.com\/hr\/wp-json\/wp\/v2\/pages"}],"about":[{"href":"https:\/\/idiligo.com\/hr\/wp-json\/wp\/v2\/types\/page"}],"author":[{"embeddable":true,"href":"https:\/\/idiligo.com\/hr\/wp-json\/wp\/v2\/users\/4"}],"replies":[{"embeddable":true,"href":"https:\/\/idiligo.com\/hr\/wp-json\/wp\/v2\/comments?post=59359"}],"version-history":[{"count":0,"href":"https:\/\/idiligo.com\/hr\/wp-json\/wp\/v2\/pages\/59359\/revisions"}],"wp:attachment":[{"href":"https:\/\/idiligo.com\/hr\/wp-json\/wp\/v2\/media?parent=59359"}],"wp:term":[{"taxonomy":"yst_prominent_words","embeddable":true,"href":"https:\/\/idiligo.com\/hr\/wp-json\/wp\/v2\/yst_prominent_words?post=59359"}],"curies":[{"name":"wp","href":"https:\/\/api.w.org\/{rel}","templated":true}]}}