{"id":59377,"date":"2020-06-30T14:08:47","date_gmt":"2020-06-30T14:08:47","guid":{"rendered":"https:\/\/idiligo.com\/?page_id=59377"},"modified":"2024-08-05T12:23:17","modified_gmt":"2024-08-05T12:23:17","slug":"financijski-savjeti","status":"publish","type":"page","link":"https:\/\/idiligo.com\/hr\/industrije\/financijski-savjeti\/","title":{"rendered":"Financijski savjeti"},"content":{"rendered":"<h1>Rje\u0161enje za financijske savjetnike<\/h1>\n<p>Dodajte pametni sadr\u017eaj i procese svakom sastanku s klijentima. U\u0161tedite dragocjeno vrijeme, pove\u0107ajte prihode i lojalnost, a istovremeno odr\u017eavajte uskla\u0111enost. Optimizirano iskustvo korisnika.<\/p>\n<div class=\"mt-6\"><a class=\"btn-green md:mr-4\" href=\"https:\/\/idiligo.com\/contact-us\/\" target=\"_blank\" rel=\"noopener noreferrer\">Kontaktirajte nas za vi\u0161e informacija<\/a><a class=\"btn-outline mt-4 md:mt-0\" href=\"https:\/\/idiligo.com\/pricing\/\" target=\"_blank\" rel=\"noopener noreferrer\">Provjerite na\u0161e cijene<\/a><\/div>\n","protected":false},"excerpt":{"rendered":"<p>Rje\u0161enje za financijske savjetnike Dodajte pametni sadr\u017eaj i procese svakom sastanku s klijentima. U\u0161tedite dragocjeno vrijeme, pove\u0107ajte prihode i lojalnost,&#8230;<\/p>\n","protected":false},"author":4,"featured_media":59378,"parent":59380,"menu_order":0,"comment_status":"closed","ping_status":"closed","template":"page-flex.php","meta":{"_acf_changed":false,"inline_featured_image":false,"footnotes":""},"yst_prominent_words":[],"class_list":["post-59377","page","type-page","status-publish","has-post-thumbnail","hentry"],"acf":[],"_links":{"self":[{"href":"https:\/\/idiligo.com\/hr\/wp-json\/wp\/v2\/pages\/59377","targetHints":{"allow":["GET"]}}],"collection":[{"href":"https:\/\/idiligo.com\/hr\/wp-json\/wp\/v2\/pages"}],"about":[{"href":"https:\/\/idiligo.com\/hr\/wp-json\/wp\/v2\/types\/page"}],"author":[{"embeddable":true,"href":"https:\/\/idiligo.com\/hr\/wp-json\/wp\/v2\/users\/4"}],"replies":[{"embeddable":true,"href":"https:\/\/idiligo.com\/hr\/wp-json\/wp\/v2\/comments?post=59377"}],"version-history":[{"count":0,"href":"https:\/\/idiligo.com\/hr\/wp-json\/wp\/v2\/pages\/59377\/revisions"}],"up":[{"embeddable":true,"href":"https:\/\/idiligo.com\/hr\/wp-json\/wp\/v2\/pages\/59380"}],"wp:featuredmedia":[{"embeddable":true,"href":"https:\/\/idiligo.com\/hr\/wp-json\/wp\/v2\/media\/59378"}],"wp:attachment":[{"href":"https:\/\/idiligo.com\/hr\/wp-json\/wp\/v2\/media?parent=59377"}],"wp:term":[{"taxonomy":"yst_prominent_words","embeddable":true,"href":"https:\/\/idiligo.com\/hr\/wp-json\/wp\/v2\/yst_prominent_words?post=59377"}],"curies":[{"name":"wp","href":"https:\/\/api.w.org\/{rel}","templated":true}]}}