{"id":59384,"date":"2018-09-29T09:36:13","date_gmt":"2018-09-29T09:36:13","guid":{"rendered":"https:\/\/idiligo.com\/?page_id=59384"},"modified":"2024-10-16T18:29:39","modified_gmt":"2024-10-16T18:29:39","slug":"postati-partner","status":"publish","type":"page","link":"https:\/\/idiligo.com\/hr\/postati-partner\/","title":{"rendered":"Postati partner"},"content":{"rendered":"<h1 class=\"mb-6\">Postanite partner u Idiligo mre\u017ei i pove\u0107ajte uspjeh savjetnika i prodaje diljem svijeta<\/h1>\n<p>Pridru\u017eite se me\u0111unarodnoj Idiligo partner mre\u017ei i pove\u0107ajte uspjeh savjetnika i unutarnje prodaje \u0161irom svijeta.<\/p>\n<div class=\"mt-6\"><a class=\"btn-blue mr-6\" data-fancybox=\"\" data-src=\"#partner-popup\">Postanite partner<\/a><\/div>\n","protected":false},"excerpt":{"rendered":"<p>Postanite partner u Idiligo mre\u017ei i pove\u0107ajte uspjeh savjetnika i prodaje diljem svijeta Pridru\u017eite se me\u0111unarodnoj Idiligo partner mre\u017ei i&#8230;<\/p>\n","protected":false},"author":4,"featured_media":59388,"parent":0,"menu_order":0,"comment_status":"closed","ping_status":"closed","template":"page-partner.php","meta":{"_acf_changed":false,"inline_featured_image":false,"footnotes":""},"yst_prominent_words":[157,410],"class_list":["post-59384","page","type-page","status-publish","has-post-thumbnail","hentry"],"acf":[],"_links":{"self":[{"href":"https:\/\/idiligo.com\/hr\/wp-json\/wp\/v2\/pages\/59384","targetHints":{"allow":["GET"]}}],"collection":[{"href":"https:\/\/idiligo.com\/hr\/wp-json\/wp\/v2\/pages"}],"about":[{"href":"https:\/\/idiligo.com\/hr\/wp-json\/wp\/v2\/types\/page"}],"author":[{"embeddable":true,"href":"https:\/\/idiligo.com\/hr\/wp-json\/wp\/v2\/users\/4"}],"replies":[{"embeddable":true,"href":"https:\/\/idiligo.com\/hr\/wp-json\/wp\/v2\/comments?post=59384"}],"version-history":[{"count":0,"href":"https:\/\/idiligo.com\/hr\/wp-json\/wp\/v2\/pages\/59384\/revisions"}],"wp:featuredmedia":[{"embeddable":true,"href":"https:\/\/idiligo.com\/hr\/wp-json\/wp\/v2\/media\/59388"}],"wp:attachment":[{"href":"https:\/\/idiligo.com\/hr\/wp-json\/wp\/v2\/media?parent=59384"}],"wp:term":[{"taxonomy":"yst_prominent_words","embeddable":true,"href":"https:\/\/idiligo.com\/hr\/wp-json\/wp\/v2\/yst_prominent_words?post=59384"}],"curies":[{"name":"wp","href":"https:\/\/api.w.org\/{rel}","templated":true}]}}