{"id":59392,"date":"2019-10-08T09:18:42","date_gmt":"2019-10-08T09:18:42","guid":{"rendered":"https:\/\/idiligo.com\/?page_id=59392"},"modified":"2024-08-06T07:25:05","modified_gmt":"2024-08-06T07:25:05","slug":"usluge-savjetovanja-i-implementacije","status":"publish","type":"page","link":"https:\/\/idiligo.com\/hr\/usluge-savjetovanja-i-implementacije\/","title":{"rendered":"Usluge savjetovanja i implementacije"},"content":{"rendered":"<h1 class=\"mb-6\">Usluge savjetovanja i implementacije<\/h1>\n<p>Pokrenite svoje aktivnosti prodaje ili savjetovanja s Idiligo sastancima s klijentima sura\u0111uju\u0107i s jednim od na\u0161ih iskusnih Idiligo partnera. Primite konzultacije, najbolje prakse i stru\u010dnost kako biste zapo\u010deli br\u017ee i vidjeli trenutne rezultate.<\/p>\n","protected":false},"excerpt":{"rendered":"<p>Usluge savjetovanja i implementacije Pokrenite svoje aktivnosti prodaje ili savjetovanja s Idiligo sastancima s klijentima sura\u0111uju\u0107i s jednim od na\u0161ih&#8230;<\/p>\n","protected":false},"author":4,"featured_media":59393,"parent":0,"menu_order":0,"comment_status":"closed","ping_status":"closed","template":"page-flex.php","meta":{"_acf_changed":false,"inline_featured_image":false,"footnotes":""},"yst_prominent_words":[157],"class_list":["post-59392","page","type-page","status-publish","has-post-thumbnail","hentry"],"acf":[],"_links":{"self":[{"href":"https:\/\/idiligo.com\/hr\/wp-json\/wp\/v2\/pages\/59392","targetHints":{"allow":["GET"]}}],"collection":[{"href":"https:\/\/idiligo.com\/hr\/wp-json\/wp\/v2\/pages"}],"about":[{"href":"https:\/\/idiligo.com\/hr\/wp-json\/wp\/v2\/types\/page"}],"author":[{"embeddable":true,"href":"https:\/\/idiligo.com\/hr\/wp-json\/wp\/v2\/users\/4"}],"replies":[{"embeddable":true,"href":"https:\/\/idiligo.com\/hr\/wp-json\/wp\/v2\/comments?post=59392"}],"version-history":[{"count":0,"href":"https:\/\/idiligo.com\/hr\/wp-json\/wp\/v2\/pages\/59392\/revisions"}],"wp:featuredmedia":[{"embeddable":true,"href":"https:\/\/idiligo.com\/hr\/wp-json\/wp\/v2\/media\/59393"}],"wp:attachment":[{"href":"https:\/\/idiligo.com\/hr\/wp-json\/wp\/v2\/media?parent=59392"}],"wp:term":[{"taxonomy":"yst_prominent_words","embeddable":true,"href":"https:\/\/idiligo.com\/hr\/wp-json\/wp\/v2\/yst_prominent_words?post=59392"}],"curies":[{"name":"wp","href":"https:\/\/api.w.org\/{rel}","templated":true}]}}