{"id":59398,"date":"2018-09-29T09:37:14","date_gmt":"2018-09-29T09:37:14","guid":{"rendered":"https:\/\/idiligo.com\/?page_id=59398"},"modified":"2024-08-06T07:22:22","modified_gmt":"2024-08-06T07:22:22","slug":"o-nama","status":"publish","type":"page","link":"https:\/\/idiligo.com\/hr\/o-nama\/","title":{"rendered":"O nama"},"content":{"rendered":"<p>Tijekom mnogo godina rada u industriji prodaje i savjetovanja, susreli smo mnogo sjajnih i talentiranih prodajnih predstavnika i savjetnika. Me\u0111utim, primijetili smo da se mnogi od njih bore organizirati se ili prona\u0107i svoj savr\u0161eni prodajni nastup.<br \/>\nDruga stvar koju smo primijetili: zbog visoke fluktuacije osoblja, kratkih perioda obuke ili jednostavno nedostatka interesa, mnogi prodajni predstavnici i savjetnici nisu ni znali kako ispravno i uspje\u0161no objasniti ili prodati svoj proizvod.<br \/>\nTako smo do\u0161li na ideju Idiliga i rije\u0161ili oba problema: Idiligo osigurava da SVI prodajni predstavnici i savjetnici mogu biti uspje\u0161ni! Dodaje pametan sadr\u017eaj i procese svakom sastanku s klijentima, bez obzira na to odr\u017eava li se online ili offline. Prodajni predstavnici i savjetnici se vode kroz rezultatski orijentiran sastanak s klijentima, korak po korak, budu\u0107i da organizacija sve to mo\u017ee unaprijed definirati. Na taj na\u010din, uvijek se koristi ispravan sadr\u017eaj i proces, \u0161to daje organizaciji 100% kontrolu nad onim \u0161to se doga\u0111a na sastancima s klijentima. Osim toga, organizacija mo\u017ee biti sigurna da su svi savjeti uskla\u0111eni i to\u010dni. Budu\u0107i da je Idiligo tako jednostavan za kori\u0161tenje, krivulja u\u010denja novih zaposlenika smanjena je za 50%, \u0161to zna\u010di da su u mogu\u0107nosti profesionalno savjetovati i prodavati puno br\u017ee. Kako bi bio jo\u0161 u\u010dinkovitiji, Idiligo se mo\u017ee integrirati u druga rje\u0161enja poput va\u0161eg CRM sustava.<br \/>\nDodavanje pametnog sadr\u017eaja sastancima s klijentima lako pobolj\u0161ava kvalitetu cjelokupne komunikacije s klijentima.<\/p>\n<p>&nbsp;<\/p>\n","protected":false},"excerpt":{"rendered":"<p>Tijekom mnogo godina rada u industriji prodaje i savjetovanja, susreli smo mnogo sjajnih i talentiranih prodajnih predstavnika i savjetnika. Me\u0111utim,&#8230;<\/p>\n","protected":false},"author":4,"featured_media":0,"parent":0,"menu_order":0,"comment_status":"closed","ping_status":"closed","template":"page-about2.php","meta":{"_acf_changed":false,"inline_featured_image":false,"footnotes":""},"yst_prominent_words":[5804,157],"class_list":["post-59398","page","type-page","status-publish","hentry"],"acf":[],"_links":{"self":[{"href":"https:\/\/idiligo.com\/hr\/wp-json\/wp\/v2\/pages\/59398","targetHints":{"allow":["GET"]}}],"collection":[{"href":"https:\/\/idiligo.com\/hr\/wp-json\/wp\/v2\/pages"}],"about":[{"href":"https:\/\/idiligo.com\/hr\/wp-json\/wp\/v2\/types\/page"}],"author":[{"embeddable":true,"href":"https:\/\/idiligo.com\/hr\/wp-json\/wp\/v2\/users\/4"}],"replies":[{"embeddable":true,"href":"https:\/\/idiligo.com\/hr\/wp-json\/wp\/v2\/comments?post=59398"}],"version-history":[{"count":0,"href":"https:\/\/idiligo.com\/hr\/wp-json\/wp\/v2\/pages\/59398\/revisions"}],"wp:attachment":[{"href":"https:\/\/idiligo.com\/hr\/wp-json\/wp\/v2\/media?parent=59398"}],"wp:term":[{"taxonomy":"yst_prominent_words","embeddable":true,"href":"https:\/\/idiligo.com\/hr\/wp-json\/wp\/v2\/yst_prominent_words?post=59398"}],"curies":[{"name":"wp","href":"https:\/\/api.w.org\/{rel}","templated":true}]}}