{"id":59402,"date":"2019-10-29T11:41:57","date_gmt":"2019-10-29T11:41:57","guid":{"rendered":"https:\/\/idiligo.com\/?page_id=59402"},"modified":"2024-08-20T03:12:42","modified_gmt":"2024-08-20T03:12:42","slug":"kontaktirajte-nas","status":"publish","type":"page","link":"https:\/\/idiligo.com\/hr\/kontaktirajte-nas\/","title":{"rendered":"Kontaktirajte nas"},"content":{"rendered":"<h1>Voljeli bismo \u010duti Va\u0161e mi\u0161ljenje!<\/h1>\n<p><span class=\"subtitle\">Bilo da imate pitanja o zna\u010dajkama, <a href=\"http:\/\/www.idiligo.com\/microsites\">ra\u010dunu<\/a> prije pokretanja mikrostranica, cijenama, trebate demo ili bilo \u0161to drugo, na\u0161 tim spreman je odgovoriti na sva Va\u0161a pitanja<br \/>\n<\/span><\/p>\n<div class=\"pt-xs flex justify-center\"><a class=\"btn-green text-lg py-4 px-sm\" href=\"https:\/\/outlook.office365.com\/owa\/calendar\/Idiligo@idiligo.com\/bookings\/\" target=\"_blank\" rel=\"noopener noreferrer\">Rezervirajte demo <\/a><a class=\"btn-outline text-lg py-4 px-sm ml-4\" href=\"https:\/\/idiligo.wpengine.com\/find-partner\/\" target=\"_blank\" rel=\"noopener noreferrer\">Prona\u0111ite lokalnog partnera<\/a><\/div>\n","protected":false},"excerpt":{"rendered":"<p>Voljeli bismo \u010duti Va\u0161e mi\u0161ljenje! Bilo da imate pitanja o zna\u010dajkama, ra\u010dunu prije pokretanja mikrostranica, cijenama, trebate demo ili bilo&#8230;<\/p>\n","protected":false},"author":4,"featured_media":0,"parent":0,"menu_order":0,"comment_status":"closed","ping_status":"closed","template":"page-contact-v3.php","meta":{"_acf_changed":false,"inline_featured_image":false,"footnotes":""},"yst_prominent_words":[233],"class_list":["post-59402","page","type-page","status-publish","hentry"],"acf":[],"_links":{"self":[{"href":"https:\/\/idiligo.com\/hr\/wp-json\/wp\/v2\/pages\/59402","targetHints":{"allow":["GET"]}}],"collection":[{"href":"https:\/\/idiligo.com\/hr\/wp-json\/wp\/v2\/pages"}],"about":[{"href":"https:\/\/idiligo.com\/hr\/wp-json\/wp\/v2\/types\/page"}],"author":[{"embeddable":true,"href":"https:\/\/idiligo.com\/hr\/wp-json\/wp\/v2\/users\/4"}],"replies":[{"embeddable":true,"href":"https:\/\/idiligo.com\/hr\/wp-json\/wp\/v2\/comments?post=59402"}],"version-history":[{"count":0,"href":"https:\/\/idiligo.com\/hr\/wp-json\/wp\/v2\/pages\/59402\/revisions"}],"wp:attachment":[{"href":"https:\/\/idiligo.com\/hr\/wp-json\/wp\/v2\/media?parent=59402"}],"wp:term":[{"taxonomy":"yst_prominent_words","embeddable":true,"href":"https:\/\/idiligo.com\/hr\/wp-json\/wp\/v2\/yst_prominent_words?post=59402"}],"curies":[{"name":"wp","href":"https:\/\/api.w.org\/{rel}","templated":true}]}}