{"id":59419,"date":"2019-10-29T11:33:48","date_gmt":"2019-10-29T11:33:48","guid":{"rendered":"https:\/\/idiligo.com\/?page_id=59419"},"modified":"2024-08-06T07:30:14","modified_gmt":"2024-08-06T07:30:14","slug":"pronadite-partnera","status":"publish","type":"page","link":"https:\/\/idiligo.com\/hr\/pronadite-partnera\/","title":{"rendered":"Prona\u0111ite partnera"},"content":{"rendered":"<h1>Pove\u017eite se s jednim od na\u0161ih lokalnih partnera!<\/h1>\n<p>Bilo da imate pitanja o zna\u010dajkama, probnim verzijama, cijenama, trebate demo verziju ili bilo \u0161to drugo: na\u0161i certificirani Idiligo partneri spremni su odgovoriti na sva Va\u0161a pitanja i pomo\u0107i Vam da implementirate Idiligo u svoje poslovanje.<\/p>\n","protected":false},"excerpt":{"rendered":"<p>Pove\u017eite se s jednim od na\u0161ih lokalnih partnera! Bilo da imate pitanja o zna\u010dajkama, probnim verzijama, cijenama, trebate demo verziju&#8230;<\/p>\n","protected":false},"author":4,"featured_media":0,"parent":0,"menu_order":0,"comment_status":"closed","ping_status":"closed","template":"page-partner-v2.php","meta":{"_acf_changed":false,"inline_featured_image":false,"footnotes":""},"yst_prominent_words":[5804,157],"class_list":["post-59419","page","type-page","status-publish","hentry"],"acf":[],"_links":{"self":[{"href":"https:\/\/idiligo.com\/hr\/wp-json\/wp\/v2\/pages\/59419","targetHints":{"allow":["GET"]}}],"collection":[{"href":"https:\/\/idiligo.com\/hr\/wp-json\/wp\/v2\/pages"}],"about":[{"href":"https:\/\/idiligo.com\/hr\/wp-json\/wp\/v2\/types\/page"}],"author":[{"embeddable":true,"href":"https:\/\/idiligo.com\/hr\/wp-json\/wp\/v2\/users\/4"}],"replies":[{"embeddable":true,"href":"https:\/\/idiligo.com\/hr\/wp-json\/wp\/v2\/comments?post=59419"}],"version-history":[{"count":0,"href":"https:\/\/idiligo.com\/hr\/wp-json\/wp\/v2\/pages\/59419\/revisions"}],"wp:attachment":[{"href":"https:\/\/idiligo.com\/hr\/wp-json\/wp\/v2\/media?parent=59419"}],"wp:term":[{"taxonomy":"yst_prominent_words","embeddable":true,"href":"https:\/\/idiligo.com\/hr\/wp-json\/wp\/v2\/yst_prominent_words?post=59419"}],"curies":[{"name":"wp","href":"https:\/\/api.w.org\/{rel}","templated":true}]}}