{"id":59519,"date":"2018-09-29T09:32:42","date_gmt":"2018-09-29T09:32:42","guid":{"rendered":"https:\/\/idiligo.com\/?page_id=59519"},"modified":"2024-08-07T10:17:12","modified_gmt":"2024-08-07T10:17:12","slug":"znacajke","status":"publish","type":"page","link":"https:\/\/idiligo.com\/hr\/znacajke\/","title":{"rendered":"Zna\u010dajke"},"content":{"rendered":"<h1>Sve zna\u010dajke koje trebate, na jednom mjestu<\/h1>\n<p>Konstantno dodajemo nove zna\u010dajke koje vam poma\u017eu u odr\u017eavanju uspje\u0161nih sastanaka s klijentima \u2013 od predstavljanja i potpisivanja dokumenata, automatskog generiranja obrazaca i dijeljenja zaslona. Jednostavno odaberite koje zna\u010dajke trebate, stavite ih strukturiranim redoslijedom i va\u0161a osobna skripta je spremna. Obavljajte pouzdane sastanke s klijentima, sklapajte vi\u0161e poslova u kra\u0107em vremenu i pojednostavite svoje poslovanje.<\/p>\n<p><a class=\"btn-green text-lg py-4 px-sm\" href=\"https:\/\/app.idiligo.com\/signup.aspx?owner=1708\" target=\"_blank\" rel=\"noopener noreferrer\">Testirajte Idiligo besplatno<\/a><\/p>\n","protected":false},"excerpt":{"rendered":"<p>Sve zna\u010dajke koje trebate, na jednom mjestu Konstantno dodajemo nove zna\u010dajke koje vam poma\u017eu u odr\u017eavanju uspje\u0161nih sastanaka s klijentima&#8230;<\/p>\n","protected":false},"author":4,"featured_media":0,"parent":0,"menu_order":0,"comment_status":"closed","ping_status":"closed","template":"page-features.php","meta":{"_acf_changed":false,"inline_featured_image":false,"footnotes":""},"yst_prominent_words":[],"class_list":["post-59519","page","type-page","status-publish","hentry"],"acf":[],"_links":{"self":[{"href":"https:\/\/idiligo.com\/hr\/wp-json\/wp\/v2\/pages\/59519","targetHints":{"allow":["GET"]}}],"collection":[{"href":"https:\/\/idiligo.com\/hr\/wp-json\/wp\/v2\/pages"}],"about":[{"href":"https:\/\/idiligo.com\/hr\/wp-json\/wp\/v2\/types\/page"}],"author":[{"embeddable":true,"href":"https:\/\/idiligo.com\/hr\/wp-json\/wp\/v2\/users\/4"}],"replies":[{"embeddable":true,"href":"https:\/\/idiligo.com\/hr\/wp-json\/wp\/v2\/comments?post=59519"}],"version-history":[{"count":0,"href":"https:\/\/idiligo.com\/hr\/wp-json\/wp\/v2\/pages\/59519\/revisions"}],"wp:attachment":[{"href":"https:\/\/idiligo.com\/hr\/wp-json\/wp\/v2\/media?parent=59519"}],"wp:term":[{"taxonomy":"yst_prominent_words","embeddable":true,"href":"https:\/\/idiligo.com\/hr\/wp-json\/wp\/v2\/yst_prominent_words?post=59519"}],"curies":[{"name":"wp","href":"https:\/\/api.w.org\/{rel}","templated":true}]}}