{"id":5976,"date":"2018-09-29T09:37:14","date_gmt":"2018-09-29T09:37:14","guid":{"rendered":"https:\/\/idiligo.wpengine.com\/about-us\/"},"modified":"2022-03-28T12:06:28","modified_gmt":"2022-03-28T12:06:28","slug":"chi-siamo","status":"publish","type":"page","link":"https:\/\/idiligo.com\/it\/chi-siamo\/","title":{"rendered":"Chi siamo"},"content":{"rendered":"<p>Da molti anni lavoriamo nel settore delle vendite e della consulenza, dove abbiamo incontrato numerosi rappresentanti e consulenti di grande talento. Tuttavia, abbiamo notato che molti di loro hanno difficolt\u00e0 a organizzarsi o a trovare la giusta argomentazione di vendita.<\/p>\n<p>L&#8217;altra cosa che abbiamo notato \u00e8 che, a causa degli elevati tassi di ricambio del personale, dei brevi periodi di formazione o semplicemente della mancanza di interesse, molti rappresentanti e consulenti non hanno idea di come spiegare o vendere il loro prodotto, in modo corretto ed efficace.<\/p>\n<p>Quindi, abbiamo inventato Idiligo e abbiamo risolto entrambi: Idiligo si assicura che TUTTI i rappresentanti di vendita e i consulenti possano avere successo! Aggiunge contenuti e processi intelligenti a qualsiasi riunione con i clienti, indipendentemente dal fatto che si svolga online o offline. Vendite e consulenti sono guidati attraverso un incontro con il cliente orientato ai risultati, passo dopo passo, poich\u00e9 l&#8217;organizzazione pu\u00f2 predefinire tutto questo in anticipo. In questo modo, viene sempre utilizzato il contenuto e il processo corretti, il che d\u00e0 all&#8217;organizzazione il controllo al 100% su ci\u00f2 che accade nelle riunioni con i clienti. Inoltre, l&#8217;organizzazione pu\u00f2 essere sicura che tutti i consigli siano conformi e corretti. Poich\u00e9 Idiligo \u00e8 cos\u00ec facile da usare, la curva di apprendimento dei nuovi dipendenti \u00e8 ridotta del 50%, il che significa che sono in grado di consigliare e vendere in modo professionale molto pi\u00f9 rapidamente. Per essere ancora pi\u00f9 efficiente Idiligo pu\u00f2 essere integrato anche in altre soluzioni come il tuo sistema CRM.<\/p>\n<p>L&#8217;aggiunta di contenuti intelligenti alle riunioni con i clienti semplifica e migliora facilmente la qualit\u00e0 della comunicazione complessiva con i clienti.<\/p>\n","protected":false},"excerpt":{"rendered":"<p>Da molti anni lavoriamo nel settore delle vendite e della consulenza, dove abbiamo incontrato numerosi rappresentanti e consulenti di grande&#8230;<\/p>\n","protected":false},"author":4,"featured_media":0,"parent":0,"menu_order":0,"comment_status":"closed","ping_status":"closed","template":"page-about2.php","meta":{"_acf_changed":false,"inline_featured_image":false,"footnotes":""},"yst_prominent_words":[3473,3467,3711,2791,3477,3468,3466,157,2287,3474,3472,3476,3465,3464,3636],"class_list":["post-5976","page","type-page","status-publish","hentry"],"acf":[],"_links":{"self":[{"href":"https:\/\/idiligo.com\/it\/wp-json\/wp\/v2\/pages\/5976","targetHints":{"allow":["GET"]}}],"collection":[{"href":"https:\/\/idiligo.com\/it\/wp-json\/wp\/v2\/pages"}],"about":[{"href":"https:\/\/idiligo.com\/it\/wp-json\/wp\/v2\/types\/page"}],"author":[{"embeddable":true,"href":"https:\/\/idiligo.com\/it\/wp-json\/wp\/v2\/users\/4"}],"replies":[{"embeddable":true,"href":"https:\/\/idiligo.com\/it\/wp-json\/wp\/v2\/comments?post=5976"}],"version-history":[{"count":0,"href":"https:\/\/idiligo.com\/it\/wp-json\/wp\/v2\/pages\/5976\/revisions"}],"wp:attachment":[{"href":"https:\/\/idiligo.com\/it\/wp-json\/wp\/v2\/media?parent=5976"}],"wp:term":[{"taxonomy":"yst_prominent_words","embeddable":true,"href":"https:\/\/idiligo.com\/it\/wp-json\/wp\/v2\/yst_prominent_words?post=5976"}],"curies":[{"name":"wp","href":"https:\/\/api.w.org\/{rel}","templated":true}]}}