{"id":6477,"date":"2018-09-29T09:32:42","date_gmt":"2018-09-29T09:32:42","guid":{"rendered":"https:\/\/idiligo.wpengine.com\/prodotto\/features\/"},"modified":"2021-05-27T13:32:28","modified_gmt":"2021-05-27T13:32:28","slug":"funzionalita","status":"publish","type":"page","link":"https:\/\/idiligo.com\/it\/prodotto\/funzionalita\/","title":{"rendered":"Funzionalit\u00e0"},"content":{"rendered":"<h1>Tutte le funzionalit\u00e0 di cui hai bisogno, in un unico posto<\/h1>\n<p><span class=\"subtitle mt-6\">Aggiungiamo costantemente nuove funzionalit\u00e0 che ti aiutano a svolgere riunioni con i clienti di successo, dalla presentazione e firma di documenti, alla generazione automatica di moduli e alla condivisione di schermate. Scegli semplicemente le caratteristiche di cui hai bisogno, inseriscile in un ordine strutturato e il tuo script personale \u00e8 pronto. Conduci riunioni affidabili con i clienti, chiudi pi\u00f9 affari in meno tempo e semplifica la tua attivit\u00e0.<\/span><\/p>\n<p><a class=\"btn-green text-lg py-4 px-sm\" href=\"https:\/\/app.idiligo.com\/signup.aspx?owner=1708\" target=\"_blank\" rel=\"noopener noreferrer\">Prova Idiligo FREE gratis<\/a><\/p>\n","protected":false},"excerpt":{"rendered":"<p>Tutte le funzionalit\u00e0 di cui hai bisogno, in un unico posto Aggiungiamo costantemente nuove funzionalit\u00e0 che ti aiutano a svolgere&#8230;<\/p>\n","protected":false},"author":4,"featured_media":0,"parent":6475,"menu_order":0,"comment_status":"closed","ping_status":"closed","template":"page-features.php","meta":{"_acf_changed":false,"inline_featured_image":false,"footnotes":""},"yst_prominent_words":[3944,3940,3628,3943,3939,3936,3947,3942,3938,3935,3933,3646,3650,2096,3941,3937,3934,3932,3618],"class_list":["post-6477","page","type-page","status-publish","hentry"],"acf":[],"_links":{"self":[{"href":"https:\/\/idiligo.com\/it\/wp-json\/wp\/v2\/pages\/6477","targetHints":{"allow":["GET"]}}],"collection":[{"href":"https:\/\/idiligo.com\/it\/wp-json\/wp\/v2\/pages"}],"about":[{"href":"https:\/\/idiligo.com\/it\/wp-json\/wp\/v2\/types\/page"}],"author":[{"embeddable":true,"href":"https:\/\/idiligo.com\/it\/wp-json\/wp\/v2\/users\/4"}],"replies":[{"embeddable":true,"href":"https:\/\/idiligo.com\/it\/wp-json\/wp\/v2\/comments?post=6477"}],"version-history":[{"count":0,"href":"https:\/\/idiligo.com\/it\/wp-json\/wp\/v2\/pages\/6477\/revisions"}],"up":[{"embeddable":true,"href":"https:\/\/idiligo.com\/it\/wp-json\/wp\/v2\/pages\/6475"}],"wp:attachment":[{"href":"https:\/\/idiligo.com\/it\/wp-json\/wp\/v2\/media?parent=6477"}],"wp:term":[{"taxonomy":"yst_prominent_words","embeddable":true,"href":"https:\/\/idiligo.com\/it\/wp-json\/wp\/v2\/yst_prominent_words?post=6477"}],"curies":[{"name":"wp","href":"https:\/\/api.w.org\/{rel}","templated":true}]}}