{"id":13191,"date":"2021-09-29T10:05:10","date_gmt":"2021-09-29T10:05:10","guid":{"rendered":"https:\/\/idiligo.com\/?page_id=13191"},"modified":"2021-11-16T13:23:11","modified_gmt":"2021-11-16T13:23:11","slug":"microsites","status":"publish","type":"page","link":"https:\/\/idiligo.com\/pt-br\/microsites\/","title":{"rendered":"Microsites"},"content":{"rendered":"<h1>Microsites<\/h1>\n<p><span class=\"subtitle mb-6 md:pr-lg\">Experi\u00eancia digital do cliente no mais alto n\u00edvel<\/span><\/p>\n<p><span>Os microsites da Idiligo simplificam e estruturam a comunica\u00e7\u00e3o digital com seus clientes. Com apenas um clique, seu participante tem acesso autom\u00e1tico a todo o conte\u00fado importante da reuni\u00e3o e aos documentos necess\u00e1rios. Por exemplo:<br \/>\n<span><\/p>\n<ul>\n<li>Detalhes do contato<\/li>\n<li>Documentos preenchidos online juntos<\/li>\n<li>Informa\u00e7\u00f5es do produto e ofertas promocionais<\/li>\n<li>Documentos a serem carregados<\/li>\n<li>Contratos de assinatura eletr\u00f4nica (para assinatura s\u00edncrona ou ass\u00edncrona)<\/li>\n<\/ul>\n<p><\/span><\/p>\n<p>Desenvolva microsites tecnicamente otimizados ou lindamente projetados para clientes individuais. Ou imediatamente para toda uma ind\u00fastria. Definitivamente, seja um dos primeiros no mercado!<\/p>\n<p>Para tanto, fornecemos \u00e0s empresas interessadas exclusivamente a \u201cconta de pr\u00e9-lan\u00e7amento\u201d gratuita * antes do lan\u00e7amento oficial no mercado em mar\u00e7o de 2022.<br \/>\n<\/span><\/p>\n<div class=\"mt-6\"><a class=\"btn-green md:mr-4\" href=\"https:\/\/idiligo.com\/pt-br\/contate-nos\/\" target=\"_blank\" rel=\"noopener noreferrer\">Contate-nos<\/a><a class=\"btn-outline mt-4 md:mt-0\" href=\"https:\/\/app.idiligo.com\/signup.aspx?owner=2503\" target=\"_blank\" rel=\"noopener noreferrer\">Fa\u00e7a o pedido da conta de pr\u00e9-lan\u00e7amento<\/a><\/div>\n<\/p>\n<p><span style=\"font-size: 12px;\">* Voc\u00ea ganha a \u201cConta de Pr\u00e9-lan\u00e7amento\u201d exclusiva do Idiligo gratuitamente. O prazo de vig\u00eancia termina em 28\/02\/2022. Aplicam-se os termos e condi\u00e7\u00f5es do Idiligo. A \u201cconta de pr\u00e9-lan\u00e7amento\u201d ser\u00e1 estendida gratuitamente para voc\u00ea, com o seu consentimento.<\/span><\/p>\n","protected":false},"excerpt":{"rendered":"<p>Microsites Experi\u00eancia digital do cliente no mais alto n\u00edvel Os microsites da Idiligo simplificam e estruturam a comunica\u00e7\u00e3o digital com&#8230;<\/p>\n","protected":false},"author":4,"featured_media":13198,"parent":0,"menu_order":0,"comment_status":"closed","ping_status":"closed","template":"page-flex.php","meta":{"_acf_changed":false,"inline_featured_image":false,"footnotes":""},"yst_prominent_words":[2738,5660,5728,5804,156,2463,3117,157,5706,2267,2767,5783,4742],"class_list":["post-13191","page","type-page","status-publish","has-post-thumbnail","hentry"],"acf":[],"_links":{"self":[{"href":"https:\/\/idiligo.com\/pt-br\/wp-json\/wp\/v2\/pages\/13191","targetHints":{"allow":["GET"]}}],"collection":[{"href":"https:\/\/idiligo.com\/pt-br\/wp-json\/wp\/v2\/pages"}],"about":[{"href":"https:\/\/idiligo.com\/pt-br\/wp-json\/wp\/v2\/types\/page"}],"author":[{"embeddable":true,"href":"https:\/\/idiligo.com\/pt-br\/wp-json\/wp\/v2\/users\/4"}],"replies":[{"embeddable":true,"href":"https:\/\/idiligo.com\/pt-br\/wp-json\/wp\/v2\/comments?post=13191"}],"version-history":[{"count":0,"href":"https:\/\/idiligo.com\/pt-br\/wp-json\/wp\/v2\/pages\/13191\/revisions"}],"wp:featuredmedia":[{"embeddable":true,"href":"https:\/\/idiligo.com\/pt-br\/wp-json\/wp\/v2\/media\/13198"}],"wp:attachment":[{"href":"https:\/\/idiligo.com\/pt-br\/wp-json\/wp\/v2\/media?parent=13191"}],"wp:term":[{"taxonomy":"yst_prominent_words","embeddable":true,"href":"https:\/\/idiligo.com\/pt-br\/wp-json\/wp\/v2\/yst_prominent_words?post=13191"}],"curies":[{"name":"wp","href":"https:\/\/api.w.org\/{rel}","templated":true}]}}