{"id":7869,"date":"2019-10-29T11:41:57","date_gmt":"2019-10-29T11:41:57","guid":{"rendered":"https:\/\/idiligo.wpengine.com\/contact-us\/"},"modified":"2024-08-20T03:14:52","modified_gmt":"2024-08-20T03:14:52","slug":"contate-nos","status":"publish","type":"page","link":"https:\/\/idiligo.com\/pt-br\/contate-nos\/","title":{"rendered":"Contate-nos"},"content":{"rendered":"<h1>Gostar\u00edamos muito de ouvir de voc\u00ea!<\/h1>\n<p><span class=\"subtitle\">Se voc\u00ea tiver alguma d\u00favida sobre recursos, testes, pre\u00e7os, precisar de uma demonstra\u00e7\u00e3o ou qualquer outra coisa, nossa equipe est\u00e1 pronta para responder a todas as suas perguntas<br \/>\n<\/span><\/p>\n<div class=\"pt-xs flex justify-center\"><a class=\"btn-green text-lg py-4 px-sm\" href=\"https:\/\/outlook.office365.com\/owa\/calendar\/Idiligo@idiligo.com\/bookings\/\" target=\"_blank\" rel=\"noopener noreferrer\">Agende uma demonstra\u00e7\u00e3o<\/a><a class=\"btn-outline text-lg py-4 px-sm ml-4\" href=\"https:\/\/idiligo.wpengine.com\/pt-br\/encontre-parceiro-local\/\" target=\"_blank\" rel=\"noopener noreferrer\">Encontre um parceiro local<\/a><\/div>\n","protected":false},"excerpt":{"rendered":"<p>Gostar\u00edamos muito de ouvir de voc\u00ea! Se voc\u00ea tiver alguma d\u00favida sobre recursos, testes, pre\u00e7os, precisar de uma demonstra\u00e7\u00e3o ou&#8230;<\/p>\n","protected":false},"author":4,"featured_media":0,"parent":0,"menu_order":0,"comment_status":"closed","ping_status":"closed","template":"page-contact-v3.php","meta":{"_acf_changed":false,"inline_featured_image":false,"footnotes":""},"yst_prominent_words":[156,5654,5652,5653,5651],"class_list":["post-7869","page","type-page","status-publish","hentry"],"acf":[],"_links":{"self":[{"href":"https:\/\/idiligo.com\/pt-br\/wp-json\/wp\/v2\/pages\/7869","targetHints":{"allow":["GET"]}}],"collection":[{"href":"https:\/\/idiligo.com\/pt-br\/wp-json\/wp\/v2\/pages"}],"about":[{"href":"https:\/\/idiligo.com\/pt-br\/wp-json\/wp\/v2\/types\/page"}],"author":[{"embeddable":true,"href":"https:\/\/idiligo.com\/pt-br\/wp-json\/wp\/v2\/users\/4"}],"replies":[{"embeddable":true,"href":"https:\/\/idiligo.com\/pt-br\/wp-json\/wp\/v2\/comments?post=7869"}],"version-history":[{"count":0,"href":"https:\/\/idiligo.com\/pt-br\/wp-json\/wp\/v2\/pages\/7869\/revisions"}],"wp:attachment":[{"href":"https:\/\/idiligo.com\/pt-br\/wp-json\/wp\/v2\/media?parent=7869"}],"wp:term":[{"taxonomy":"yst_prominent_words","embeddable":true,"href":"https:\/\/idiligo.com\/pt-br\/wp-json\/wp\/v2\/yst_prominent_words?post=7869"}],"curies":[{"name":"wp","href":"https:\/\/api.w.org\/{rel}","templated":true}]}}