{"id":7879,"date":"2018-08-06T08:30:34","date_gmt":"2018-08-06T08:30:34","guid":{"rendered":"https:\/\/idiligo.wpengine.com\/privacy-policy\/"},"modified":"2020-10-27T12:40:42","modified_gmt":"2020-10-27T12:40:42","slug":"politica-de-privacidade","status":"publish","type":"page","link":"https:\/\/idiligo.com\/pt-br\/politica-de-privacidade\/","title":{"rendered":"Pol\u00edtica de Privacidade"},"content":{"rendered":"<h2><strong>Termos e condi\u00e7\u00f5es<\/strong><\/h2>\n<p>&nbsp;<\/p>\n<p>Nossos <a href=\"https:\/\/idiligo.com\/wp-content\/uploads\/2020\/10\/Idiligo_Brasil_Condicoes_Gerais_Oct_2020_PTBR.pdf\" target=\"_blank\" rel=\"noopener noreferrer\">termos e condi\u00e7\u00f5es gerais<\/a> e o <a href=\"https:\/\/idiligo.com\/wp-content\/uploads\/2020\/10\/Contrato_de_Processamento_Idiligo_Brasil_Oct2020_PTBR.pdf\" target=\"_blank\" rel=\"noopener noreferrer\">contrato do processamento<\/a> ser\u00e3o aplic\u00e1veis a todos os servi\u00e7os do Idiligo.<\/p>\n<p>&nbsp;<\/p>\n<h2><strong>Pol\u00edtica de privacidade<\/strong><\/h2>\n<p>&nbsp;<\/p>\n<p>Na Idiligo, estamos comprometidos em proteger sua privacidade. Esta pol\u00edtica de privacidade informa sobre como estamos coletando, transferindo, usando, processando e protegendo informa\u00e7\u00f5es que podemos coletar sobre voc\u00ea por meio de nosso site ou depois de fazer login em nossa plataforma. Depois de criar uma conta, voc\u00ea automaticamente aceita nossos termos e condi\u00e7\u00f5es e o nosso contrato de processadores.<\/p>\n<h4>COOKIES<\/h4>\n<p>Na Idiligo, usamos cookies para reconhec\u00ea-lo e proporcionar uma melhor experi\u00eancia ao usu\u00e1rio. Em alguns casos, estamos usando cookies de terceiros, como o Google Analytics para rastreamento de usu\u00e1rios.<\/p>\n<h4>COLETA E USO DE INFORMA\u00c7\u00d5ES N\u00c3O PESSOAIS<\/h4>\n<p>Quando voc\u00ea acessa nosso dom\u00ednio ou qualquer um de nossos subdom\u00ednios, podemos coletar informa\u00e7\u00f5es n\u00e3o pessoais. Por exemplo, podemos coletar qual navegador e SO voc\u00ea est\u00e1 usando, o tempo m\u00e9dio gasto em nosso site e de qual pa\u00eds voc\u00ea est\u00e1 nos visitando. Mas com essas informa\u00e7\u00f5es, n\u00e3o podemos reconhec\u00ea-lo.<\/p>\n<h4>INFORMA\u00c7\u00d5ES SOBRE OS CLIENTES DOS NOSSOS USU\u00c1RIOS<\/h4>\n<p>Com a plataforma Idiligo, nossos usu\u00e1rios podem criar scripts e coletar informa\u00e7\u00f5es de seus clientes. Nossos usu\u00e1rios decidem quais informa\u00e7\u00f5es coletar e como gerenciar essas informa\u00e7\u00f5es (veja mais no nosso contrato de processadores). Em nenhum momento assumimos a responsabilidade pelo que nossos usu\u00e1rios est\u00e3o coletando. Facilitamos a remo\u00e7\u00e3o autom\u00e1tica dessas informa\u00e7\u00f5es ap\u00f3s um per\u00edodo de tempo determinado pelo usu\u00e1rio.<\/p>\n<h4>INFORMA\u00c7\u00d5ES SOBRE OS NOSSOS USU\u00c1RIOS<\/h4>\n<p>Armazenamos informa\u00e7\u00f5es pessoais para fornecer o servi\u00e7o, poder informar e entrar em contato com nossos usu\u00e1rios ou para faturar o servi\u00e7o. Utilizamos sistemas terceirizados para fazer isso: Exact online, Mailchimp, Freshdesk.<\/p>\n<h4>O DIREITO DE SER ESQUECIDO<\/h4>\n<p>N\u00f3s da Idiligo estamos comprometidos com o direito de ser esquecidos. Quando voc\u00ea envia uma solicita\u00e7\u00e3o, ela ser\u00e1 tratada dentro de um prazo razo\u00e1vel. Excluiremos ent\u00e3o suas informa\u00e7\u00f5es pessoais de nossos sistemas. \u00c9 claro que levamos em considera\u00e7\u00e3o nossas obriga\u00e7\u00f5es legais ao excluir suas informa\u00e7\u00f5es pessoais.<\/p>\n<h4>SEGURAN\u00c7A<\/h4>\n<p>Idiligo leva a seguran\u00e7a das informa\u00e7\u00f5es pessoais muito a s\u00e9rio. Estamos usando todos os tipos de tecnologias diferentes, e garantimos a seguran\u00e7a de suas informa\u00e7\u00f5es. Nossos sistemas est\u00e3o atualizados com os mais recentes patches de software e seguran\u00e7a. Idiligo utiliza medidas de seguran\u00e7a t\u00e9cnicas e organizacionais para impedir qualquer divulga\u00e7\u00e3o ou acesso n\u00e3o autorizado. Idiligo armazena apenas dados pessoais juntamente com outras informa\u00e7\u00f5es \u00fateis, em um banco de dados em nuvem seguro com acesso limitado. Somente funcion\u00e1rios autorizados t\u00eam acesso a esse banco de dados. Idiligo permite a transfer\u00eancia de dados para sistemas de terceiros. Isso s\u00f3 pode ser configurado pelos nossos usu\u00e1rios.<\/p>\n<h4>QUEST\u00d5ES<\/h4>\n<p>Se voc\u00ea tiver alguma d\u00favida sobre nossa seguran\u00e7a ou qualquer outra coisa, entre em contato conosco.<br \/>\nAt Idiligo we are committed to protecting your privacy. This Privacy policy tells you about how we are collecting, transferring, using, processing and protecting information that we may collect about you through our website, or after signing in, our platform. Once you create an account, you are automatically accepting our terms and conditions and our processors agreement.<\/p>\n<p>Oficial de prote\u00e7\u00e3o de dados:<\/p>\n<p>Idiligo B.V.<br \/>\nKabelweg 57<br \/>\n1014 BA Amsterdam<br \/>\nPa\u00edses Baixos<\/p>\n<p>privacy@idiligo.com<\/p>\n","protected":false},"excerpt":{"rendered":"<p>Termos e condi\u00e7\u00f5es &nbsp; Nossos termos e condi\u00e7\u00f5es gerais e o contrato do processamento ser\u00e3o aplic\u00e1veis a todos os servi\u00e7os&#8230;<\/p>\n","protected":false},"author":4,"featured_media":0,"parent":0,"menu_order":0,"comment_status":"closed","ping_status":"open","template":"","meta":{"_acf_changed":false,"inline_featured_image":false,"footnotes":""},"yst_prominent_words":[5722,5714,5720,5704,2839,5715,5723,5716,5713,5709,5711,5708,5707,5719,5710,5712,5721,5701,5703],"class_list":["post-7879","page","type-page","status-publish","hentry"],"acf":[],"_links":{"self":[{"href":"https:\/\/idiligo.com\/pt-br\/wp-json\/wp\/v2\/pages\/7879","targetHints":{"allow":["GET"]}}],"collection":[{"href":"https:\/\/idiligo.com\/pt-br\/wp-json\/wp\/v2\/pages"}],"about":[{"href":"https:\/\/idiligo.com\/pt-br\/wp-json\/wp\/v2\/types\/page"}],"author":[{"embeddable":true,"href":"https:\/\/idiligo.com\/pt-br\/wp-json\/wp\/v2\/users\/4"}],"replies":[{"embeddable":true,"href":"https:\/\/idiligo.com\/pt-br\/wp-json\/wp\/v2\/comments?post=7879"}],"version-history":[{"count":0,"href":"https:\/\/idiligo.com\/pt-br\/wp-json\/wp\/v2\/pages\/7879\/revisions"}],"wp:attachment":[{"href":"https:\/\/idiligo.com\/pt-br\/wp-json\/wp\/v2\/media?parent=7879"}],"wp:term":[{"taxonomy":"yst_prominent_words","embeddable":true,"href":"https:\/\/idiligo.com\/pt-br\/wp-json\/wp\/v2\/yst_prominent_words?post=7879"}],"curies":[{"name":"wp","href":"https:\/\/api.w.org\/{rel}","templated":true}]}}