{"id":7979,"date":"2018-10-01T08:21:09","date_gmt":"2018-10-01T08:21:09","guid":{"rendered":"https:\/\/idiligo.wpengine.com\/join\/"},"modified":"2019-12-05T13:32:50","modified_gmt":"2019-12-05T13:32:50","slug":"juntar-se","status":"publish","type":"page","link":"https:\/\/idiligo.com\/pt-br\/juntar-se\/","title":{"rendered":"Juntar-se \u00e0 reuni\u00e3o Idiligo"},"content":{"rendered":"<h3 style=\"text-align: center;\">Juntar-se \u00e0 reuni\u00e3o On-line Idiligo<\/h3>\n<p style=\"text-align: center;\">Digite o c\u00f3digo de reuni\u00e3o Idiligo fornecido a voc\u00ea pelo seu anfitri\u00e3o.<\/p>\n<div class=\"flex text-center justify-center items-center flex-col md:flex-row\"><input id=\"idiligo_public_id\" class=\"form-control-short rounded py-3 px-6 mr-2\" name=\"idiligo_public_id\" type=\"text\" \/><button id=\"btn-join-meeting\" class=\"btn-green block mt-2 md:mt-0\">Juntar-se \u00e0 reuni\u00e3o<\/button><\/div>\n","protected":false},"excerpt":{"rendered":"<p>Juntar-se \u00e0 reuni\u00e3o On-line Idiligo Digite o c\u00f3digo de reuni\u00e3o Idiligo fornecido a voc\u00ea pelo seu anfitri\u00e3o. Juntar-se \u00e0 reuni\u00e3o<\/p>\n","protected":false},"author":4,"featured_media":0,"parent":0,"menu_order":0,"comment_status":"closed","ping_status":"closed","template":"","meta":{"_acf_changed":false,"inline_featured_image":false,"footnotes":""},"yst_prominent_words":[5911,157,5912,5910,5909,5805],"class_list":["post-7979","page","type-page","status-publish","hentry"],"acf":[],"_links":{"self":[{"href":"https:\/\/idiligo.com\/pt-br\/wp-json\/wp\/v2\/pages\/7979","targetHints":{"allow":["GET"]}}],"collection":[{"href":"https:\/\/idiligo.com\/pt-br\/wp-json\/wp\/v2\/pages"}],"about":[{"href":"https:\/\/idiligo.com\/pt-br\/wp-json\/wp\/v2\/types\/page"}],"author":[{"embeddable":true,"href":"https:\/\/idiligo.com\/pt-br\/wp-json\/wp\/v2\/users\/4"}],"replies":[{"embeddable":true,"href":"https:\/\/idiligo.com\/pt-br\/wp-json\/wp\/v2\/comments?post=7979"}],"version-history":[{"count":0,"href":"https:\/\/idiligo.com\/pt-br\/wp-json\/wp\/v2\/pages\/7979\/revisions"}],"wp:attachment":[{"href":"https:\/\/idiligo.com\/pt-br\/wp-json\/wp\/v2\/media?parent=7979"}],"wp:term":[{"taxonomy":"yst_prominent_words","embeddable":true,"href":"https:\/\/idiligo.com\/pt-br\/wp-json\/wp\/v2\/yst_prominent_words?post=7979"}],"curies":[{"name":"wp","href":"https:\/\/api.w.org\/{rel}","templated":true}]}}