{"id":7984,"date":"2018-09-29T09:37:14","date_gmt":"2018-09-29T09:37:14","guid":{"rendered":"https:\/\/idiligo.wpengine.com\/about-us\/"},"modified":"2022-03-28T12:05:45","modified_gmt":"2022-03-28T12:05:45","slug":"sobre-nos","status":"publish","type":"page","link":"https:\/\/idiligo.com\/pt-br\/sobre-nos\/","title":{"rendered":"Sobre n\u00f3s"},"content":{"rendered":"<p>Ao longo de muitos anos de trabalho no setor de vendas e consultoria, conhecemos muitos representantes e consultores de vendas excelentes e talentosos. No entanto, percebemos que muitos deles lutam para se organizar ou encontrar o esquema de vendas perfeito.<\/p>\n<p>A outra coisa que notamos: devido \u00e0s altas taxas de rotatividade, aos baixos per\u00edodos de treinamento da equipe ou simplesmente \u00e0 falta de interesse, muitos representantes e consultores de vendas nem sabiam realmente como explicar ou vender seu produto corretamente e com sucesso.<\/p>\n<p>Ent\u00e3o, n\u00f3s criamos o Idiligo e resolvemos os dois: O Idiligo garante que TODOS os representantes comerciais e consultores possam ter sucesso! Ele adiciona conte\u00fado e processos inteligentes a qualquer reuni\u00e3o com seu cliente, independentemente de ser realizada online ou offline. Os representantes comerciais e consultores s\u00e3o orientados por meio de reuni\u00e3o com seu cliente voltado para resultados, passo a passo, pois a organiza\u00e7\u00e3o pode pr\u00e9-definir tudo isso. Assim, sempre se utiliza o conte\u00fado e o processo corretos, o que d\u00e1 \u00e0 organiza\u00e7\u00e3o 100% de controle sobre o que acontece nas reuni\u00f5es com seus clientes. Al\u00e9m disso, a organiza\u00e7\u00e3o pode ter certeza de que todos os conselhos s\u00e3o compat\u00edveis e corretos. Como o Idiligo \u00e9 t\u00e3o f\u00e1cil de usar, a curva de aprendizado dos novos funcion\u00e1rios \u00e9 reduzida em 50%, o que significa que eles podem aconselhar e vender profissionalmente com muito mais rapidez. Para ser ainda mais eficiente, o Idiligo pode at\u00e9 ser integrado a outras solu\u00e7\u00f5es como o seu sistema CRM.<\/p>\n<p>Adicionar conte\u00fado inteligente \u00e0s reuni\u00f5es com seu cliente agiliza e melhora a qualidade da comunica\u00e7\u00e3o geral com seu cliente.<\/p>\n","protected":false},"excerpt":{"rendered":"<p>Ao longo de muitos anos de trabalho no setor de vendas e consultoria, conhecemos muitos representantes e consultores de vendas&#8230;<\/p>\n","protected":false},"author":4,"featured_media":0,"parent":0,"menu_order":0,"comment_status":"closed","ping_status":"closed","template":"page-about2.php","meta":{"_acf_changed":false,"inline_featured_image":false,"footnotes":""},"yst_prominent_words":[5920,5921,5919,5915,5923,5917,5916,5918,5914,5913],"class_list":["post-7984","page","type-page","status-publish","hentry"],"acf":[],"_links":{"self":[{"href":"https:\/\/idiligo.com\/pt-br\/wp-json\/wp\/v2\/pages\/7984","targetHints":{"allow":["GET"]}}],"collection":[{"href":"https:\/\/idiligo.com\/pt-br\/wp-json\/wp\/v2\/pages"}],"about":[{"href":"https:\/\/idiligo.com\/pt-br\/wp-json\/wp\/v2\/types\/page"}],"author":[{"embeddable":true,"href":"https:\/\/idiligo.com\/pt-br\/wp-json\/wp\/v2\/users\/4"}],"replies":[{"embeddable":true,"href":"https:\/\/idiligo.com\/pt-br\/wp-json\/wp\/v2\/comments?post=7984"}],"version-history":[{"count":0,"href":"https:\/\/idiligo.com\/pt-br\/wp-json\/wp\/v2\/pages\/7984\/revisions"}],"wp:attachment":[{"href":"https:\/\/idiligo.com\/pt-br\/wp-json\/wp\/v2\/media?parent=7984"}],"wp:term":[{"taxonomy":"yst_prominent_words","embeddable":true,"href":"https:\/\/idiligo.com\/pt-br\/wp-json\/wp\/v2\/yst_prominent_words?post=7984"}],"curies":[{"name":"wp","href":"https:\/\/api.w.org\/{rel}","templated":true}]}}