{"id":7987,"date":"2018-09-29T09:34:56","date_gmt":"2018-09-29T09:34:56","guid":{"rendered":"https:\/\/idiligo.wpengine.com\/pricing\/"},"modified":"2021-06-04T09:28:53","modified_gmt":"2021-06-04T09:28:53","slug":"precos","status":"publish","type":"page","link":"https:\/\/idiligo.com\/pt-br\/precos\/","title":{"rendered":"Pre\u00e7os"},"content":{"rendered":"<h1>Pre\u00e7os simples e transparentes<\/h1>\n<p><span class=\"subtitle mt-6\">Traga suas reuni\u00f5es com seu cliente para o pr\u00f3ximo n\u00edvel. Escolha o plano certo para o seu neg\u00f3cio, fa\u00e7a upgrade ou downgrade a qualquer momento.<\/span><\/p>\n<p><a class=\"btn-green text-lg py-4 px-sm\" href=\"https:\/\/app.idiligo.com\/signup.aspx?owner=1713\" target=\"_blank\" rel=\"noopener noreferrer\">Teste o Idiligo FREE gratuitamente<\/a><\/p>\n","protected":false},"excerpt":{"rendered":"<p>Pre\u00e7os simples e transparentes Traga suas reuni\u00f5es com seu cliente para o pr\u00f3ximo n\u00edvel. Escolha o plano certo para o&#8230;<\/p>\n","protected":false},"author":4,"featured_media":0,"parent":0,"menu_order":0,"comment_status":"closed","ping_status":"closed","template":"page-pricing.php","meta":{"_acf_changed":false,"inline_featured_image":false,"footnotes":""},"yst_prominent_words":[2767],"class_list":["post-7987","page","type-page","status-publish","hentry"],"acf":[],"_links":{"self":[{"href":"https:\/\/idiligo.com\/pt-br\/wp-json\/wp\/v2\/pages\/7987","targetHints":{"allow":["GET"]}}],"collection":[{"href":"https:\/\/idiligo.com\/pt-br\/wp-json\/wp\/v2\/pages"}],"about":[{"href":"https:\/\/idiligo.com\/pt-br\/wp-json\/wp\/v2\/types\/page"}],"author":[{"embeddable":true,"href":"https:\/\/idiligo.com\/pt-br\/wp-json\/wp\/v2\/users\/4"}],"replies":[{"embeddable":true,"href":"https:\/\/idiligo.com\/pt-br\/wp-json\/wp\/v2\/comments?post=7987"}],"version-history":[{"count":0,"href":"https:\/\/idiligo.com\/pt-br\/wp-json\/wp\/v2\/pages\/7987\/revisions"}],"wp:attachment":[{"href":"https:\/\/idiligo.com\/pt-br\/wp-json\/wp\/v2\/media?parent=7987"}],"wp:term":[{"taxonomy":"yst_prominent_words","embeddable":true,"href":"https:\/\/idiligo.com\/pt-br\/wp-json\/wp\/v2\/yst_prominent_words?post=7987"}],"curies":[{"name":"wp","href":"https:\/\/api.w.org\/{rel}","templated":true}]}}