{"id":7991,"date":"2019-04-14T09:10:30","date_gmt":"2019-04-14T09:10:30","guid":{"rendered":"https:\/\/idiligo.wpengine.com\/home-v2\/"},"modified":"2024-10-23T12:09:19","modified_gmt":"2024-10-23T12:09:19","slug":"home-v2","status":"publish","type":"page","link":"https:\/\/idiligo.com\/pt-br\/","title":{"rendered":"Home"},"content":{"rendered":"<h1 class=\"mb-6\">Transforme todas as reuni\u00f5es com seus clientes em um sucesso<\/h1>\n<p><span class=\"subtitle mb-6 md:pr-lg\">Reuni\u00f5es avan\u00e7adas com conte\u00fado inteligente<\/span><\/p>\n<div class=\"mt-6 btn-row\"><a class=\"btn-green md:mr-4\" href=\"https:\/\/idiligo.com\/pt-br\/contate-nos\/\">Contate-nos<\/a> ou <a class=\"btn-text mt-4 md:mt-0 ml-4\" href=\"https:\/\/idiligo.com\/pt-br\/precos\/\" target=\"_blank\" rel=\"noopener noreferrer\">Confira os pre\u00e7os<\/a><\/div>\n","protected":false},"excerpt":{"rendered":"<p>Transforme todas as reuni\u00f5es com seus clientes em um sucesso Reuni\u00f5es avan\u00e7adas com conte\u00fado inteligente Contate-nos ou Confira os pre\u00e7os<\/p>\n","protected":false},"author":4,"featured_media":4534,"parent":0,"menu_order":0,"comment_status":"closed","ping_status":"closed","template":"home-page-v2.php","meta":{"_acf_changed":false,"inline_featured_image":false,"footnotes":""},"yst_prominent_words":[5660,5670],"class_list":["post-7991","page","type-page","status-publish","has-post-thumbnail","hentry"],"acf":[],"_links":{"self":[{"href":"https:\/\/idiligo.com\/pt-br\/wp-json\/wp\/v2\/pages\/7991","targetHints":{"allow":["GET"]}}],"collection":[{"href":"https:\/\/idiligo.com\/pt-br\/wp-json\/wp\/v2\/pages"}],"about":[{"href":"https:\/\/idiligo.com\/pt-br\/wp-json\/wp\/v2\/types\/page"}],"author":[{"embeddable":true,"href":"https:\/\/idiligo.com\/pt-br\/wp-json\/wp\/v2\/users\/4"}],"replies":[{"embeddable":true,"href":"https:\/\/idiligo.com\/pt-br\/wp-json\/wp\/v2\/comments?post=7991"}],"version-history":[{"count":0,"href":"https:\/\/idiligo.com\/pt-br\/wp-json\/wp\/v2\/pages\/7991\/revisions"}],"wp:featuredmedia":[{"embeddable":true,"href":"https:\/\/idiligo.com\/pt-br\/wp-json\/wp\/v2\/media\/4534"}],"wp:attachment":[{"href":"https:\/\/idiligo.com\/pt-br\/wp-json\/wp\/v2\/media?parent=7991"}],"wp:term":[{"taxonomy":"yst_prominent_words","embeddable":true,"href":"https:\/\/idiligo.com\/pt-br\/wp-json\/wp\/v2\/yst_prominent_words?post=7991"}],"curies":[{"name":"wp","href":"https:\/\/api.w.org\/{rel}","templated":true}]}}