{"id":8008,"date":"2018-09-29T09:32:42","date_gmt":"2018-09-29T09:32:42","guid":{"rendered":"https:\/\/idiligo.wpengine.com\/features\/"},"modified":"2021-05-26T12:26:32","modified_gmt":"2021-05-26T12:26:32","slug":"recursos","status":"publish","type":"page","link":"https:\/\/idiligo.com\/pt-br\/recursos\/","title":{"rendered":"Recursos"},"content":{"rendered":"<h1>Todos os recursos que voc\u00ea precisa, em um \u00fanico local<\/h1>\n<p><span class=\"subtitle mt-6\">Estamos constantemente adicionando novos recursos que ajudam voc\u00ea a realizar reuni\u00f5es com seus clientes de sucesso &#8211; desde a apresenta\u00e7\u00e3o e assinatura de documentos, a gera\u00e7\u00e3o autom\u00e1tica de formul\u00e1rios e compartilhamento de telas. Basta escolher quais recursos voc\u00ea precisa, coloc\u00e1-los em uma ordem estruturada e seu script pessoal estar\u00e1 pronto. Conduza reuni\u00f5es confi\u00e1veis com os clientes, feche mais neg\u00f3cios em menos tempo e agilize seus neg\u00f3cios.<\/span><\/p>\n<p><a class=\"btn-green text-lg py-4 px-sm\" href=\"https:\/\/app.idiligo.com\/signup.aspx?owner=1713\" target=\"_blank\" rel=\"noopener noreferrer\">Teste o Idiligo FREE gratuitamente<\/a><\/p>\n","protected":false},"excerpt":{"rendered":"<p>Todos os recursos que voc\u00ea precisa, em um \u00fanico local Estamos constantemente adicionando novos recursos que ajudam voc\u00ea a realizar&#8230;<\/p>\n","protected":false},"author":4,"featured_media":0,"parent":0,"menu_order":0,"comment_status":"closed","ping_status":"closed","template":"page-features.php","meta":{"_acf_changed":false,"inline_featured_image":false,"footnotes":""},"yst_prominent_words":[2738,5660,156,5658,5970,5706,5969,2108,5968,5966,5670,5673,5651,5967],"class_list":["post-8008","page","type-page","status-publish","hentry"],"acf":[],"_links":{"self":[{"href":"https:\/\/idiligo.com\/pt-br\/wp-json\/wp\/v2\/pages\/8008","targetHints":{"allow":["GET"]}}],"collection":[{"href":"https:\/\/idiligo.com\/pt-br\/wp-json\/wp\/v2\/pages"}],"about":[{"href":"https:\/\/idiligo.com\/pt-br\/wp-json\/wp\/v2\/types\/page"}],"author":[{"embeddable":true,"href":"https:\/\/idiligo.com\/pt-br\/wp-json\/wp\/v2\/users\/4"}],"replies":[{"embeddable":true,"href":"https:\/\/idiligo.com\/pt-br\/wp-json\/wp\/v2\/comments?post=8008"}],"version-history":[{"count":0,"href":"https:\/\/idiligo.com\/pt-br\/wp-json\/wp\/v2\/pages\/8008\/revisions"}],"wp:attachment":[{"href":"https:\/\/idiligo.com\/pt-br\/wp-json\/wp\/v2\/media?parent=8008"}],"wp:term":[{"taxonomy":"yst_prominent_words","embeddable":true,"href":"https:\/\/idiligo.com\/pt-br\/wp-json\/wp\/v2\/yst_prominent_words?post=8008"}],"curies":[{"name":"wp","href":"https:\/\/api.w.org\/{rel}","templated":true}]}}