{"id":8018,"date":"2018-09-29T09:32:19","date_gmt":"2018-09-29T09:32:19","guid":{"rendered":"https:\/\/idiligo.wpengine.com\/how-it-works\/"},"modified":"2022-02-20T20:19:25","modified_gmt":"2022-02-20T20:19:25","slug":"como-funciona","status":"publish","type":"page","link":"https:\/\/idiligo.com\/pt-br\/como-funciona\/","title":{"rendered":"Como funciona o Idiligo"},"content":{"rendered":"<h1>Como funciona o Idiligo<\/h1>\n<p><span class=\"subtitle mt-6\">Idiligo adiciona conte\u00fado e processos inteligentes a qualquer reuni\u00e3o com seu cliente. Assim, os assessores realizam reuni\u00f5es com seus clientes orientadas para resultados e previs\u00edveis, j\u00e1 que o Idiligo os conduz automaticamente por meio de uma reuni\u00e3o estruturada, passo a passo. Isso pode ser usado em reuni\u00f5es online ou offline. Durante a reuni\u00e3o, ambas as partes veem o mesmo conte\u00fado e podem interagir. Como o processo de vendas ou consultoria perfeito foi predefinido, nada pode ser esquecido ou explicado incorretamente. Este processo predefinido \u00e9 chamado de &#8216;script&#8217;.<\/span><\/p>\n<p><a class=\"btn-green text-lg py-4 px-sm\" href=\"https:\/\/app.idiligo.com\/signup.aspx?owner=1713\" target=\"_blank\" rel=\"noopener noreferrer\">Teste o Idiligo FREE gratuitamente<\/a><\/p>\n","protected":false},"excerpt":{"rendered":"<p>Como funciona o Idiligo Idiligo adiciona conte\u00fado e processos inteligentes a qualquer reuni\u00e3o com seu cliente. Assim, os assessores realizam&#8230;<\/p>\n","protected":false},"author":4,"featured_media":0,"parent":0,"menu_order":0,"comment_status":"closed","ping_status":"closed","template":"page-how.php","meta":{"_acf_changed":false,"inline_featured_image":false,"footnotes":""},"yst_prominent_words":[5660,5253,156,157,5922,5706,2267,3673,5784,6027,4004,5805,5670,5785],"class_list":["post-8018","page","type-page","status-publish","hentry"],"acf":[],"_links":{"self":[{"href":"https:\/\/idiligo.com\/pt-br\/wp-json\/wp\/v2\/pages\/8018","targetHints":{"allow":["GET"]}}],"collection":[{"href":"https:\/\/idiligo.com\/pt-br\/wp-json\/wp\/v2\/pages"}],"about":[{"href":"https:\/\/idiligo.com\/pt-br\/wp-json\/wp\/v2\/types\/page"}],"author":[{"embeddable":true,"href":"https:\/\/idiligo.com\/pt-br\/wp-json\/wp\/v2\/users\/4"}],"replies":[{"embeddable":true,"href":"https:\/\/idiligo.com\/pt-br\/wp-json\/wp\/v2\/comments?post=8018"}],"version-history":[{"count":0,"href":"https:\/\/idiligo.com\/pt-br\/wp-json\/wp\/v2\/pages\/8018\/revisions"}],"wp:attachment":[{"href":"https:\/\/idiligo.com\/pt-br\/wp-json\/wp\/v2\/media?parent=8018"}],"wp:term":[{"taxonomy":"yst_prominent_words","embeddable":true,"href":"https:\/\/idiligo.com\/pt-br\/wp-json\/wp\/v2\/yst_prominent_words?post=8018"}],"curies":[{"name":"wp","href":"https:\/\/api.w.org\/{rel}","templated":true}]}}