{"id":8078,"date":"2019-07-15T08:03:43","date_gmt":"2019-07-15T08:03:43","guid":{"rendered":"https:\/\/idiligo.wpengine.com\/hr\/"},"modified":"2021-05-26T12:00:09","modified_gmt":"2021-05-26T12:00:09","slug":"rh","status":"publish","type":"page","link":"https:\/\/idiligo.com\/pt-br\/rh\/","title":{"rendered":"RH"},"content":{"rendered":"<h1>Idiligo agiliza suas atividades de recrutamento<\/h1>\n<p><span class=\"subtitle mb-6 md:pr-lg\">Desde o primeiro contato, passando pela realiza\u00e7\u00e3o de entrevistas de emprego, at\u00e9 a assinatura de contratos \u2013 o Idiligo torna a admiss\u00e3o de candidatos consistente e simples!\u00a0<\/span><\/p>\n<div class=\"mt-6\"><a class=\"btn-green md:mr-4\" href=\"https:\/\/idiligo.com\/pt-br\/contate-nos\/\" target=\"_blank\" rel=\"noopener noreferrer\">Contate-nos para saber mais<\/a><a class=\"btn-outline mt-4 md:mt-0\" href=\"https:\/\/idiligo.com\/pt-br\/precos\/\" target=\"_blank\" rel=\"noopener noreferrer\">Confira os pre\u00e7os<\/a><\/div>\n","protected":false},"excerpt":{"rendered":"<p>Idiligo agiliza suas atividades de recrutamento Desde o primeiro contato, passando pela realiza\u00e7\u00e3o de entrevistas de emprego, at\u00e9 a assinatura&#8230;<\/p>\n","protected":false},"author":4,"featured_media":9500,"parent":0,"menu_order":0,"comment_status":"closed","ping_status":"closed","template":"page-flex.php","meta":{"_acf_changed":false,"inline_featured_image":false,"footnotes":""},"yst_prominent_words":[156,157],"class_list":["post-8078","page","type-page","status-publish","has-post-thumbnail","hentry"],"acf":[],"_links":{"self":[{"href":"https:\/\/idiligo.com\/pt-br\/wp-json\/wp\/v2\/pages\/8078","targetHints":{"allow":["GET"]}}],"collection":[{"href":"https:\/\/idiligo.com\/pt-br\/wp-json\/wp\/v2\/pages"}],"about":[{"href":"https:\/\/idiligo.com\/pt-br\/wp-json\/wp\/v2\/types\/page"}],"author":[{"embeddable":true,"href":"https:\/\/idiligo.com\/pt-br\/wp-json\/wp\/v2\/users\/4"}],"replies":[{"embeddable":true,"href":"https:\/\/idiligo.com\/pt-br\/wp-json\/wp\/v2\/comments?post=8078"}],"version-history":[{"count":0,"href":"https:\/\/idiligo.com\/pt-br\/wp-json\/wp\/v2\/pages\/8078\/revisions"}],"wp:featuredmedia":[{"embeddable":true,"href":"https:\/\/idiligo.com\/pt-br\/wp-json\/wp\/v2\/media\/9500"}],"wp:attachment":[{"href":"https:\/\/idiligo.com\/pt-br\/wp-json\/wp\/v2\/media?parent=8078"}],"wp:term":[{"taxonomy":"yst_prominent_words","embeddable":true,"href":"https:\/\/idiligo.com\/pt-br\/wp-json\/wp\/v2\/yst_prominent_words?post=8078"}],"curies":[{"name":"wp","href":"https:\/\/api.w.org\/{rel}","templated":true}]}}