{"id":9159,"date":"2020-06-30T14:08:47","date_gmt":"2020-06-30T14:08:47","guid":{"rendered":"https:\/\/idiligo.wpengine.com\/?page_id=9159"},"modified":"2021-05-26T11:54:35","modified_gmt":"2021-05-26T11:54:35","slug":"assessoria-financeira-e-de-seguros","status":"publish","type":"page","link":"https:\/\/idiligo.com\/pt-br\/assessoria-financeira-e-de-seguros\/","title":{"rendered":"Assessoria financeira e de seguros"},"content":{"rendered":"<h1>A solu\u00e7\u00e3o de capacita\u00e7\u00e3o para consultores financeiros e de seguros<\/h1>\n<p><span class=\"subtitle mb-6 md:pr-lg\">Adicione conte\u00fado e processos inteligentes a qualquer reuni\u00e3o com seu cliente. Economize tempo valioso, concentre-se na receita e na lealdade, mantendo compliant. Uma experi\u00eancia do cliente otimizada at\u00e9 o ponto.<\/span><\/p>\n<div class=\"mt-6\"><a class=\"btn-green md:mr-4\" href=\"https:\/\/idiligo.com\/pt-br\/contate-nos\/\" target=\"_blank\" rel=\"noopener noreferrer\">Contate-nos para saber mais<\/a><a class=\"btn-outline mt-4 md:mt-0\" href=\"https:\/\/idiligo.com\/pt-br\/precos\/\" target=\"_blank\" rel=\"noopener noreferrer\">Confira os pre\u00e7os<\/a><\/div>\n","protected":false},"excerpt":{"rendered":"<p>A solu\u00e7\u00e3o de capacita\u00e7\u00e3o para consultores financeiros e de seguros Adicione conte\u00fado e processos inteligentes a qualquer reuni\u00e3o com seu&#8230;<\/p>\n","protected":false},"author":4,"featured_media":6744,"parent":0,"menu_order":0,"comment_status":"closed","ping_status":"closed","template":"page-flex.php","meta":{"_acf_changed":false,"inline_featured_image":false,"footnotes":""},"yst_prominent_words":[3681,156,2767],"class_list":["post-9159","page","type-page","status-publish","has-post-thumbnail","hentry"],"acf":[],"_links":{"self":[{"href":"https:\/\/idiligo.com\/pt-br\/wp-json\/wp\/v2\/pages\/9159","targetHints":{"allow":["GET"]}}],"collection":[{"href":"https:\/\/idiligo.com\/pt-br\/wp-json\/wp\/v2\/pages"}],"about":[{"href":"https:\/\/idiligo.com\/pt-br\/wp-json\/wp\/v2\/types\/page"}],"author":[{"embeddable":true,"href":"https:\/\/idiligo.com\/pt-br\/wp-json\/wp\/v2\/users\/4"}],"replies":[{"embeddable":true,"href":"https:\/\/idiligo.com\/pt-br\/wp-json\/wp\/v2\/comments?post=9159"}],"version-history":[{"count":0,"href":"https:\/\/idiligo.com\/pt-br\/wp-json\/wp\/v2\/pages\/9159\/revisions"}],"wp:featuredmedia":[{"embeddable":true,"href":"https:\/\/idiligo.com\/pt-br\/wp-json\/wp\/v2\/media\/6744"}],"wp:attachment":[{"href":"https:\/\/idiligo.com\/pt-br\/wp-json\/wp\/v2\/media?parent=9159"}],"wp:term":[{"taxonomy":"yst_prominent_words","embeddable":true,"href":"https:\/\/idiligo.com\/pt-br\/wp-json\/wp\/v2\/yst_prominent_words?post=9159"}],"curies":[{"name":"wp","href":"https:\/\/api.w.org\/{rel}","templated":true}]}}