{"id":9178,"date":"2020-07-01T12:11:48","date_gmt":"2020-07-01T12:11:48","guid":{"rendered":"https:\/\/idiligo.wpengine.com\/?page_id=9178"},"modified":"2021-05-26T09:49:06","modified_gmt":"2021-05-26T09:49:06","slug":"vendas-e-central-de-atendimento","status":"publish","type":"page","link":"https:\/\/idiligo.com\/pt-br\/vendas-e-central-de-atendimento\/","title":{"rendered":"Vendas e Central de Atendimento"},"content":{"rendered":"<h1>A solu\u00e7\u00e3o para equipes de vendas, vendedores e revendedores<\/h1>\n<p><span class=\"subtitle mb-6 md:pr-lg\">Obtenha resultados melhores e previs\u00edveis, adicionando conte\u00fado inteligente a qualquer reuni\u00e3o com o cliente. De novos neg\u00f3cios a chamadas de reten\u00e7\u00e3o de clientes &#8211; o Idiligo integra todos os processos de vendas e consultoria. Isso aumenta as taxas de fechamento e reduz as curvas de aprendizado.<\/span><\/p>\n<div class=\"mt-6\"><a class=\"btn-green md:mr-4\" href=\"https:\/\/idiligo.com\/pt-br\/contate-nos\/\" target=\"_blank\" rel=\"noopener noreferrer\">Contate-nos para saber mais<\/a><a class=\"btn-outline mt-4 md:mt-0\" href=\"https:\/\/idiligo.com\/pt-br\/precos\/\" target=\"_blank\" rel=\"noopener noreferrer\">Confira os pre\u00e7os<\/a><\/div>\n","protected":false},"excerpt":{"rendered":"<p>A solu\u00e7\u00e3o para equipes de vendas, vendedores e revendedores Obtenha resultados melhores e previs\u00edveis, adicionando conte\u00fado inteligente a qualquer reuni\u00e3o&#8230;<\/p>\n","protected":false},"author":4,"featured_media":4878,"parent":0,"menu_order":0,"comment_status":"closed","ping_status":"closed","template":"page-flex.php","meta":{"_acf_changed":false,"inline_featured_image":false,"footnotes":""},"yst_prominent_words":[156,5921,5706,2767,5662],"class_list":["post-9178","page","type-page","status-publish","has-post-thumbnail","hentry"],"acf":[],"_links":{"self":[{"href":"https:\/\/idiligo.com\/pt-br\/wp-json\/wp\/v2\/pages\/9178","targetHints":{"allow":["GET"]}}],"collection":[{"href":"https:\/\/idiligo.com\/pt-br\/wp-json\/wp\/v2\/pages"}],"about":[{"href":"https:\/\/idiligo.com\/pt-br\/wp-json\/wp\/v2\/types\/page"}],"author":[{"embeddable":true,"href":"https:\/\/idiligo.com\/pt-br\/wp-json\/wp\/v2\/users\/4"}],"replies":[{"embeddable":true,"href":"https:\/\/idiligo.com\/pt-br\/wp-json\/wp\/v2\/comments?post=9178"}],"version-history":[{"count":0,"href":"https:\/\/idiligo.com\/pt-br\/wp-json\/wp\/v2\/pages\/9178\/revisions"}],"wp:featuredmedia":[{"embeddable":true,"href":"https:\/\/idiligo.com\/pt-br\/wp-json\/wp\/v2\/media\/4878"}],"wp:attachment":[{"href":"https:\/\/idiligo.com\/pt-br\/wp-json\/wp\/v2\/media?parent=9178"}],"wp:term":[{"taxonomy":"yst_prominent_words","embeddable":true,"href":"https:\/\/idiligo.com\/pt-br\/wp-json\/wp\/v2\/yst_prominent_words?post=9178"}],"curies":[{"name":"wp","href":"https:\/\/api.w.org\/{rel}","templated":true}]}}